{"id":621,"date":"2023-03-22T11:16:10","date_gmt":"2023-03-22T10:16:10","guid":{"rendered":"https:\/\/italiaue.esteri.it\/?page_id=621"},"modified":"2023-03-22T11:21:10","modified_gmt":"2023-03-22T10:21:10","slug":"informativa-sulla-protezione-delle-persone-fisiche-con-riguardo-al-trattamento-dei-dati-personali-rgpd-ue-2016-679-art-13","status":"publish","type":"page","link":"https:\/\/italiaue.esteri.it\/it\/news\/stampa\/trasparenza-incontri\/informativa-sulla-protezione-delle-persone-fisiche-con-riguardo-al-trattamento-dei-dati-personali-rgpd-ue-2016-679-art-13\/","title":{"rendered":"Informativa sulla protezione delle persone fisiche con riguardo al trattamento dei dati personali (RGPD UE 2016\/679, art. 13)"},"content":{"rendered":"<p>Il trattamento dei dati personali chiesti per la tenuta dell\u2019elenco degli incontri dei portatori d\u2019interesse con i vertici della Rappresentanza Permanente d\u2019Italia presso l\u2019Unione Europea, al fine di accrescere il grado di trasparenza delle attivit\u00e0 della stessa Rappresentanza, sar\u00e0 improntato ai principi di liceit\u00e0, correttezza e trasparenza a tutela dei diritti e delle libert\u00e0 fondamentali delle persone fisiche.<\/p>\n<p>A tal fine, si forniscono le seguenti informazioni:<\/p>\n<p>1. Il titolare del trattamento \u00e8 il MAECI il quale opera, nel caso specifico, per il tramite della della Rappresentanza Permanente d\u2019Italia presso l\u2019Unione Europea (indirizzo postale: 7-15, Rue du Marteau \u2013 1000 Bruxelles ; telefono: +32 (0)2 22 00 411; peo: rpue.rpue@esteri.it; pec:\u00a0<a href=\"mailto:rap.ue.bruxelles@cert.esteri.it\">rap.ue.bruxelles@cert.esteri.it<\/a>).<\/p>\n<p>2. Per quesiti o reclami in materia di privatezza, l\u2019interessato\/a pu\u00f2 contattare il Responsabile della Protezione dei Dati personali (RPD) del MAECI (indirizzo postale: Ministero degli Affari Esteri e della Cooperazione internazionale, Piazzale della Farnesina 1, 00135 ROMA; telefono: +390636911 (centralino); peo:\u00a0<a href=\"mailto:rpd@esteri.it\">rpd@esteri.it<\/a>; pec:\u00a0<a href=\"mailto:rpd@cert.esteri.it\">rpd@cert.esteri.it<\/a>).<\/p>\n<p>3. Il trattamento dei dati personali in questione \u2013 non eccedenti quelli necessari per l\u2019iscrizione al Registro di trasparenza della Commissione europea \u2013 ha come finalit\u00e0 la tenuta di un elenco degli incontri formali del Rappresentante Permanente, del Rappresentante Permanente Aggiunto e del Rappresentante presso il Comitato Politico e di Sicurezza con soggetti portatori di interesse e lobbisti, al fine di accrescere il grado di trasparenza delle attivit\u00e0 della citata Rappresentanza Permanente, nel rispetto della normativa in materia.<\/p>\n<p>4. Il trattamento dei predetti dati, nonch\u00e9 la previa iscrizione dell\u2019interessato\/a al Registro di trasparenza della Commissione europea, costituiscono un requisito necessario per poter dar seguito alla richiesta d\u2019incontro.<\/p>\n<p>5. Il trattamento, svolto da personale incaricato della Rappresentanza Permanente d\u2019Italia presso l\u2019Unione Europea, sar\u00e0 effettuato in modalit\u00e0 mista, manuale ed automatizzata. Il trattamento su base automatizzata prevede la creazione e la conservazione sul server della citata Rappresentanza di un apposito registro informatico di tutti gli appuntamenti.<\/p>\n<p>6. I dati personali in questione non saranno comunicati a soggetti terzi, salvi gli obblighi di legge in materia di trasparenza amministrativa (D.Lgs 33\/2013 e ss.mm.ii.). E\u2019 altres\u00ec prevista la pubblicazione di un estratto dei citati incontri, in cui saranno menzionate solo le persone giuridiche rappresentate, sul sito internet della Rappresentanza Permanente d\u2019Italia presso l\u2019Unione Europea (<a href=\"https:\/\/italiaue.esteri.it\/it\/amministrazione-trasparente\/bandi-di-gara-e-contratti\/registro-trasparenza\/\">https:\/\/italiaue.esteri.it\/it\/amministrazione-trasparente\/bandi-di-gara-e-contratti\/registro-trasparenza\/<\/a>).<\/p>\n<p>7. I dati personali, salvo controversie in corso, saranno cancellati decorsi dieci anni dall\u2019incontro, tenuto conto dell\u2019art. 2946 del Codice civile italiano in materia di prescrizione ordinaria.<\/p>\n<p>8. L\u2019interessato\/a pu\u00f2 chiedere l\u2019accesso ai propri dati personali e, alle condizioni previste dalla normativa vigente, la loro rettifica. Nei limiti di legge e fatte salve le eventuali conseguenze sull\u2019erogazione del servizio, egli\/ella pu\u00f2 altres\u00ec chiedere la cancellazione di tali dati, nonch\u00e9 la limitazione del trattamento o l\u2019opposizione al trattamento. In questi casi, l\u2019interessato\/a dovr\u00e0 presentare apposita richiesta alla struttura indicata al punto 1, informando per conoscenza l\u2019RPD del MAECI.<\/p>\n<p>9. Se ritiene che i suoi diritti in materia di privatezza siano stati violati, l\u2019interessato\/a pu\u00f2 presentare reclamo all\u2019RPD del MAECI. Qualora non sia soddisfatto della risposta, l\u2019interessato\/a pu\u00f2 rivolgersi al Garante per la Protezione dei Dati personali (Piazza Venezia 11, 00187 ROMA; telefono: +3906696771; peo:\u00a0<a href=\"mailto:garante@gpdp.it\">garante@gpdp.it<\/a>; pec:\u00a0<a href=\"mailto:protocollo@pec.gpdp.it\">protocollo@pec.gpdp.it<\/a>).<\/p>\n","protected":false},"excerpt":{"rendered":"Il trattamento dei dati personali chiesti per la tenuta dell\u2019elenco degli incontri dei portatori d\u2019interesse con i vertici della Rappresentanza Permanente d\u2019Italia presso l\u2019Unione Europea, al fine di accrescere il grado di trasparenza delle attivit\u00e0 della stessa Rappresentanza, sar\u00e0 improntato ai principi di liceit\u00e0, correttezza e trasparenza a tutela dei diritti e delle libert\u00e0 fondamentali [&hellip;]","protected":false},"author":5,"featured_media":0,"parent":615,"menu_order":0,"comment_status":"closed","ping_status":"closed","template":"","meta":{"footnotes":""},"class_list":["post-621","page","type-page","status-publish","hentry"],"_links":{"self":[{"href":"https:\/\/italiaue.esteri.it\/it\/wp-json\/wp\/v2\/pages\/621","targetHints":{"allow":["GET"]}}],"collection":[{"href":"https:\/\/italiaue.esteri.it\/it\/wp-json\/wp\/v2\/pages"}],"about":[{"href":"https:\/\/italiaue.esteri.it\/it\/wp-json\/wp\/v2\/types\/page"}],"author":[{"embeddable":true,"href":"https:\/\/italiaue.esteri.it\/it\/wp-json\/wp\/v2\/users\/5"}],"replies":[{"embeddable":true,"href":"https:\/\/italiaue.esteri.it\/it\/wp-json\/wp\/v2\/comments?post=621"}],"version-history":[{"count":0,"href":"https:\/\/italiaue.esteri.it\/it\/wp-json\/wp\/v2\/pages\/621\/revisions"}],"up":[{"embeddable":true,"href":"https:\/\/italiaue.esteri.it\/it\/wp-json\/wp\/v2\/pages\/615"}],"wp:attachment":[{"href":"https:\/\/italiaue.esteri.it\/it\/wp-json\/wp\/v2\/media?parent=621"}],"curies":[{"name":"wp","href":"https:\/\/api.w.org\/{rel}","templated":true}]}}