{"id":477,"date":"2023-01-13T13:25:59","date_gmt":"2023-01-13T12:25:59","guid":{"rendered":"https:\/\/italiaue.esteri.it\/?page_id=477"},"modified":"2023-01-13T13:25:59","modified_gmt":"2023-01-13T12:25:59","slug":"mercato-interno","status":"publish","type":"page","link":"https:\/\/italiaue.esteri.it\/it\/litalia-e-lue\/cosa-facciamo\/consiglio-competitivita\/mercato-interno\/","title":{"rendered":"Mercato Interno"},"content":{"rendered":"<p>La realizzazione di un mercato interno trasparente, aperto, senza discriminazioni e barriere arbitrarie alla libera circolazione delle persone, delle merci, dei servizi e dei capitali costituisce una parte fondamentale del percorso di integrazione europea.<\/p>\n<p>Si tratta di un percorso in continuo sviluppo, che ha una rilevanza diretta sulla vita dei cittadini, delle imprese e delle pubbliche amministrazioni.<\/p>\n<p>In questo ambito, l\u2019Unione europea lavora anche all\u2019armonizzazione delle legislazioni nazionali in materia di propriet\u00e0 intellettuale ed appalti pubblici.<\/p>\n<p><strong>Regolamento che istituisce il programma Mercato Unico, Competitivita\u2019 e PMI<\/p>\n<p><\/strong>Il nuovo programma per il Mercato unico rientra nel Quadro Finanziario Pluriennale 2021-2021 e fornisce un pacchetto integrato per il rafforzamento della governance europea del mercato unico, inclusi i servizi finanziari. Esso mira a rafforzare la \u201cgovernance\u201d del mercato interno dell&#8217;UE, a sostenere la competitivit\u00e0 delle imprese (in particolare delle PMI), a promuovere la salute umana, animale e delle piante e il benessere degli animali, nonch\u00e9 a definire il quadro per il finanziamento delle statistiche europee. Vengono cos\u00ec riunite in un unico quadro attivit\u00e0 precedentemente finanziate nell\u2019ambito di programmi (e linee di bilancio) differenti, con l\u2019obiettivo di razionalizzare e sfruttare le sinergie tra le diverse azioni, nonch\u00e9 di prevedere un quadro pi\u00f9 flessibile e agile.<\/p>\n<p>Nel rapporto con gli altri programmi e fondi UE, il Programma per il mercato unico vuole essere complementare al sostegno fornito alle PMI e all\u2019imprenditorialit\u00e0 nell\u2019ambito del Fondo europeo di sviluppo regionale, nonch\u00e9 al programma \u201cEuropa digitale\u201d, che mira a promuovere la digitalizzazione dell\u2019economia dell\u2019Unione e del settore pubblico; esso ricerca inoltre sinergie con il nuovo programma di ricerca \u201cOrizzonte Europa\u201d e con il programma spaziale, incoraggiando le PMI a beneficiare delle innovazioni pionieristiche e di altre soluzioni sviluppate nell\u2019ambito di tali programmi. Inoltre, il programma sostiene una migliore applicazione del diritto dell&#8217;Unione e promuove la competitivit\u00e0 delle PMI, anche attraverso la rete Enterprise Europe ed il programma &#8220;Erasmus per i giovani imprenditori&#8221;.<\/p>\n<p>Il Regolamento (UE) 2021\/690 del Parlamento europeo e del Consiglio, del 28 aprile 2021, che istituisce il programma \u00e8 stato pubblicato sulla Gazzetta Ufficiale dell&#8217;Unione europea del 3 maggio 2021.<\/p>\n<p>&nbsp;<\/p>\n<p><strong>Rapporto annuale sul mercato interno 2021<\/strong><\/p>\n<p>A seguito dell\u2019invito del Consiglio Competitivit\u00e0 a valutare la resilienza del mercato unico mediante \u201cindicatori chiave di performance\u201d dell\u2019attuazione della strategia industriale e della competitivit\u00e0 dell\u2019UE, la Commissione ha pubblicato una prima relazione annuale sul mercato unico in cui analizza l&#8217;impatto della crisi pandemica su diversi ecosistemi industriali.<\/p>\n<p>Il rapporto, pubblicato contestualmente alla Comunicazione sull\u2019aggiornamento della strategia industriale dell\u2019UE, va considerato come uno strumento analitico di approfondimento delle dinamiche in atto. In particolare, la relazione si concentra sull\u2019analisi dei 14 ecosistemi industriali europei scelti dalla Commissione perch\u00e8 considerati i settori economici pi\u00f9 intensamente integrati a livello comunitario. Per ogni ecosistema il rapporto indica quindi i possibili finanziamenti nel quadro di programmi europei, il quadro regolamentare di sostegno, le opportunit\u00e0 di sviluppo di partenariati internazionali, le alleanze industriali europee e le altre iniziative europee di sostegno, come l\u2019Enterprise Europe Network e la rete dei \u201cDigital innovation hubs\u201d. Complessivamente, il rapporto fornisce una visione di insieme di ogni comparto industriale europeo che potr\u00e0 servire come base per ulteriori riforme, in combinazione con il processo di attuazione dei Piani nazionali di ripresa e resilienza, in grado di contribuire tramite progetti multi-paese all\u2019ulteriore aggregazione dei settori produttivi e quindi al rilancio della competitivit\u00e0 del mercato interno dell\u2019UE.<\/p>\n<p>Link utili:<\/p>\n<p>&#8211;<strong><a href=\"https:\/\/eur-lex.europa.eu\/legal%20content\/en\/TXT\/?uri=CELEX%3A52021SC0351\">\u00a0Annual single market report<\/a><\/strong><\/p>\n","protected":false},"excerpt":{"rendered":"La realizzazione di un mercato interno trasparente, aperto, senza discriminazioni e barriere arbitrarie alla libera circolazione delle persone, delle merci, dei servizi e dei capitali costituisce una parte fondamentale del percorso di integrazione europea. Si tratta di un percorso in continuo sviluppo, che ha una rilevanza diretta sulla vita dei cittadini, delle imprese e delle [&hellip;]","protected":false},"author":5,"featured_media":0,"parent":354,"menu_order":0,"comment_status":"closed","ping_status":"closed","template":"","meta":{"footnotes":""},"class_list":["post-477","page","type-page","status-publish","hentry"],"_links":{"self":[{"href":"https:\/\/italiaue.esteri.it\/it\/wp-json\/wp\/v2\/pages\/477","targetHints":{"allow":["GET"]}}],"collection":[{"href":"https:\/\/italiaue.esteri.it\/it\/wp-json\/wp\/v2\/pages"}],"about":[{"href":"https:\/\/italiaue.esteri.it\/it\/wp-json\/wp\/v2\/types\/page"}],"author":[{"embeddable":true,"href":"https:\/\/italiaue.esteri.it\/it\/wp-json\/wp\/v2\/users\/5"}],"replies":[{"embeddable":true,"href":"https:\/\/italiaue.esteri.it\/it\/wp-json\/wp\/v2\/comments?post=477"}],"version-history":[{"count":0,"href":"https:\/\/italiaue.esteri.it\/it\/wp-json\/wp\/v2\/pages\/477\/revisions"}],"up":[{"embeddable":true,"href":"https:\/\/italiaue.esteri.it\/it\/wp-json\/wp\/v2\/pages\/354"}],"wp:attachment":[{"href":"https:\/\/italiaue.esteri.it\/it\/wp-json\/wp\/v2\/media?parent=477"}],"curies":[{"name":"wp","href":"https:\/\/api.w.org\/{rel}","templated":true}]}}