{"id":354,"date":"2023-01-13T13:19:09","date_gmt":"2023-01-13T12:19:09","guid":{"rendered":"https:\/\/italiaue.esteri.it\/?page_id=354"},"modified":"2025-07-22T12:08:01","modified_gmt":"2025-07-22T10:08:01","slug":"consiglio-competitivita","status":"publish","type":"page","link":"https:\/\/italiaue.esteri.it\/it\/litalia-e-lue\/cosa-facciamo\/consiglio-competitivita\/","title":{"rendered":"Consiglio Competitivit\u00e0"},"content":{"rendered":"<p>Il Consiglio Competitivit\u00e0 si adopera per rafforzare la competitivit\u00e0 e potenziare la crescita nell&#8217;UE.<br \/>\nIn funzione dell&#8217;ordine del giorno, il Consiglio &#8220;Competitivit\u00e0&#8221; riunisce i Ministri competenti in materia di Mercato interno, Protezione e Informazione Consumatori, Industria, Normativa tecnica, Ricerca e Innovazione e Spazio di tutti gli Stati membri.<\/p>\n<p>Partecipano alle sessioni anche i Commissari europei competenti per le diverse materie.<\/p>\n<p>Le sessioni si svolgono di norma quattro volte all&#8217;anno, due sotto ogni Presidenza di turno del Consiglio dell\u2019Unione europea.<\/p>\n<p>Le riunioni periodiche dei Consigli \u201cCompetitivit\u00e0\u201d vengono preparate dai Gruppi di lavoro (WP), a cui partecipano esperti degli Stati membri, suddivisi a seconda delle materie di competenza, come schematizzato nella seguente tabella.<\/p>\n<table class=\"table\" border=\"2\">\n<tbody>\n<tr>\n<td style=\"text-align: center;\"><strong>Mercato <\/strong><strong>interno<\/strong><\/td>\n<td style=\"text-align: center;\"><strong>Industria<\/strong><\/td>\n<td style=\"text-align: center;\"><strong>Normativa <\/strong><strong>tecnica<\/strong><\/td>\n<td style=\"text-align: center;\"><strong>Ricerca e <\/strong><strong>Innovazione<\/strong><\/td>\n<td style=\"text-align: center;\"><strong>Spazio<\/strong><\/td>\n<td><strong>Protezione e\u00a0<\/strong><\/p>\n<p style=\"text-align: center;\"><strong>Informazione consumatori<\/strong><\/p>\n<\/td>\n<\/tr>\n<tr>\n<td>WP Mercato interno<\/td>\n<td>WP Industria<\/td>\n<td>WP Armonizzazione tecnica<\/td>\n<td>WP Ricerca<\/td>\n<td>WP Spazio<\/td>\n<td>WP Protezione e<\/p>\n<p>informazione dei consumatori<\/td>\n<\/tr>\n<tr>\n<td>WP Legiferare meglio<\/td>\n<td>WP Turismo<\/td>\n<td><\/td>\n<td><\/td>\n<td><\/td>\n<td><\/td>\n<\/tr>\n<tr>\n<td>WP Propriet\u00e0 intellettuale<\/td>\n<td><\/td>\n<td><\/td>\n<td><\/td>\n<td><\/td>\n<td><\/td>\n<\/tr>\n<tr>\n<td>WP Appalti pubblici<\/td>\n<td><\/td>\n<td><\/td>\n<td><\/td>\n<td><\/td>\n<td><\/td>\n<\/tr>\n<\/tbody>\n<\/table>\n<p>&nbsp;<\/p>\n<p>Tutti i provvedimenti ed i documenti preparati dai Gruppi di lavoro vengono poi presentati per l\u2019approvazione al Comitato dei Rappresentanti Permanenti (COREPER I) in vista dell\u2019esame\/adozione dei Ministri in seno al Consiglio COMPET.<\/p>\n<p>Per facilitare la consultazione si sono suddivise le diverse tematiche su questo sito in cinque sezioni raggiungibili dal men\u00f9 a destra:<\/p>\n<p>&nbsp;<\/p>\n<p><strong>Le linee guida politiche della nuova Commissione<\/strong><\/p>\n<p>La Presidente von der Leyen ha confermato l\u2019esigenza di un nuova strategia industriale e per il mercato unico organica e di lungo periodo, sulla scorta di quanto chiesto dal Consiglio Europeo nel marzo 2019, ribadito dal Consiglio Competitivit\u00e0 di maggio e indicato nella nuova Agenda strategica dell\u2019UE, adottata dal Consiglio Europeo del 20 giugno.<\/p>\n<p>La futura Strategia sar\u00e0 strettamente legata alla priorit\u00e0 della nuova Commissione relativa alla transizione climatica. Per ottenere questo obiettivo, la Presidente eletta ha dichiarato la necessit\u00e0 di investire nell\u2019innovazione e nella ricerca, di ripensare la nostra economia e di modernizzare la politica industriale. L\u2019ambizione \u00e8 rendere l\u2019Europa leader mondiale nell\u2019economia circolare e nelle tecnologie pulite; per questo si lavorer\u00e0 anche per la decarbonizzazione dei settori industriali ad alta intensit\u00e0 energetica.<\/p>\n<p>La Presidente eletta ha inoltre annunciato una nuova Strategia espressamente dedicata alle PMI (\u201cSME strategy\u201d). Va in questo senso anche la proposta di un Inviato della Commissione per le PMI (\u201cSME Envoy\u201d), il cui compito principale dovrebbe essere quello di favorire la riduzione degli oneri e dei vincoli burocratici che gravano sulle piccole e medie imprese, frenandone le prospettive di crescita. Verr\u00e0 completata l\u2019Unione dei mercati dei capitali per garantire alle PMI l\u2019accesso ai finanziamenti di cui hanno bisogno per crescere, innovare e espandersi. Per contribuire a questo obiettivo, verr\u00e0 istituito un fondo pubblico-privato per favorire la quotazione in borsa delle PMI, con un investimento iniziale dell\u2019UE al quale potrebbero affiancarsi investimenti privati.<\/p>\n<p>Un\u2019attenzione specifica \u00e8 inoltre dedicata al rafforzamento del Mercato Unico Digitale. In questo senso, viene proposto un \u201cDigital Services Act\u201d (DSA), volto ad aggiornare le regole sulla responsabilit\u00e0 e la sicurezza per le piattaforme, i servizi ed i prodotti digitali.<\/p>\n<p>Per quanto riguarda la ricerca e l\u2019innovazione, la Presidente eletta ha evidenziato in particolare di adeguati investimenti per poter raggiungere gli obiettivi della transizione verde che l\u2019Europa si prefigge per i prossimi anni. Il nuovo Programma di finanziamento alla ricerca dell\u2019Unione per il periodo 2021-2027, successore di Orizzonte 2020, sar\u00e0 \u201cOrizzonte Europa\u201d.<\/p>\n","protected":false},"excerpt":{"rendered":"Il Consiglio Competitivit\u00e0 si adopera per rafforzare la competitivit\u00e0 e potenziare la crescita nell&#8217;UE. In funzione dell&#8217;ordine del giorno, il Consiglio &#8220;Competitivit\u00e0&#8221; riunisce i Ministri competenti in materia di Mercato interno, Protezione e Informazione Consumatori, Industria, Normativa tecnica, Ricerca e Innovazione e Spazio di tutti gli Stati membri. Partecipano alle sessioni anche i Commissari europei [&hellip;]","protected":false},"author":5,"featured_media":0,"parent":237,"menu_order":0,"comment_status":"closed","ping_status":"closed","template":"","meta":{"footnotes":""},"class_list":["post-354","page","type-page","status-publish","hentry"],"_links":{"self":[{"href":"https:\/\/italiaue.esteri.it\/it\/wp-json\/wp\/v2\/pages\/354","targetHints":{"allow":["GET"]}}],"collection":[{"href":"https:\/\/italiaue.esteri.it\/it\/wp-json\/wp\/v2\/pages"}],"about":[{"href":"https:\/\/italiaue.esteri.it\/it\/wp-json\/wp\/v2\/types\/page"}],"author":[{"embeddable":true,"href":"https:\/\/italiaue.esteri.it\/it\/wp-json\/wp\/v2\/users\/5"}],"replies":[{"embeddable":true,"href":"https:\/\/italiaue.esteri.it\/it\/wp-json\/wp\/v2\/comments?post=354"}],"version-history":[{"count":2,"href":"https:\/\/italiaue.esteri.it\/it\/wp-json\/wp\/v2\/pages\/354\/revisions"}],"predecessor-version":[{"id":5599,"href":"https:\/\/italiaue.esteri.it\/it\/wp-json\/wp\/v2\/pages\/354\/revisions\/5599"}],"up":[{"embeddable":true,"href":"https:\/\/italiaue.esteri.it\/it\/wp-json\/wp\/v2\/pages\/237"}],"wp:attachment":[{"href":"https:\/\/italiaue.esteri.it\/it\/wp-json\/wp\/v2\/media?parent=354"}],"curies":[{"name":"wp","href":"https:\/\/api.w.org\/{rel}","templated":true}]}}