{"id":346,"date":"2023-01-13T13:10:12","date_gmt":"2023-01-13T12:10:12","guid":{"rendered":"https:\/\/italiaue.esteri.it\/?page_id=346"},"modified":"2024-03-04T14:24:36","modified_gmt":"2024-03-04T13:24:36","slug":"la-tutela-degli-interessi-finanziari-dellue","status":"publish","type":"page","link":"https:\/\/italiaue.esteri.it\/it\/litalia-e-lue\/cosa-facciamo\/la-tutela-degli-interessi-finanziari-dellue\/","title":{"rendered":"La Tutela degli interessi finanziari dell\u2019UE"},"content":{"rendered":"<p>Il corretto impiego dei fondi erogati dall\u2019Unione europea costituisce un impegno fondamentale nella prospettiva di un rinnovato sviluppo economico in un contesto di massima legalit\u00e0.<\/p>\n<p>Il problema delle c.d. \u201cfrodi all\u2019Unione europea\u201d rappresenta, pertanto, per l\u2019Europa, una problematica di primissimo rilievo considerati gli effetti negativi che esse producono non solo sul Bilancio ma anche sul tessuto economico-sociale dell\u2019Unione.<\/p>\n<p>In tale ambito, l\u2019elevato livello di tutela delle risorse europee da parte dell\u2019Italia, immediatamente e facilmente rilevabile dai dati statistici inseriti nei\u00a0rapporti annuali della Commissione europea\u00a0ed ora anche della\u00a0<a href=\"https:\/\/www.eppo.europa.eu\/it\">Procura europea\/EPPO<\/a>, dimostra come il nostro Paese ha attuato ormai da tempo, con lealt\u00e0 e tempestivit\u00e0, il noto \u201cprincipio di assimilazione\u201d (art. 325 del Trattato sul Funzionamento dell\u2019Unione europea) secondo cui gli Stati membri \u201cdevono adottare, per la lotta contro le frodi che ledono gli interessi finanziari dell&#8217;UE, le stesse misure di cui normalmente si avvalgono per combattere le frodi che ledono i propri interessi finanziari nazionali\u201d.<\/p>\n<p>L\u2019Italia, infatti, dispone di Amministrazioni particolarmente preparate ed attrezzate sul fronte della lotta alle frodi (Agenzia delle Dogane, Agea, Carabinieri e Corpo Forestale dello Stato), oltre ad una specifica Forza di polizia, la Guardia di Finanza che, con competenze generali in materia economico-finanziaria, opera con gli stessi penetranti poteri legislativi (amministrativi e penali) e con le stesse professionalit\u00e0 a tutela sia del bilancio nazionale che dell\u2019UE, sia sul lato entrate che su quello delle uscite, il secondo &#8211; inteso in senso pi\u00f9 ampio &#8211; sempre pi\u00f9 rilevante, anche alla luce dell&#8217; ammontare a disposizione e nell\u2019ambito del rinnovato quadro \u201cantifrode\u201d, legato anche all\u2019attuazione dello Strumento di Ripresa e Resilienza (RFF) e del relativo Piano Nazionale \u201cPNRR\u201d<\/p>\n<p>L\u2019art. 54 della Legge 24 dicembre 2012, n. 234, ha ulteriormente confermato e rafforzato il ruolo del\u00a0<a href=\"http:\/\/www.politicheeuropee.gov.it\/it\/attivita\/lotta-alle-frodi-allue\/\">Comitato per la lotta contro le frodi nei confronti dell&#8217;Unione Europea<\/a>\u00a0(COLAF) e del\u00a0<a href=\"http:\/\/www.politicheeuropee.gov.it\/it\/dipartimento\/organizzazione\/nucleo-della-guardia-di-finanza-per-la-repressione-delle-frodi-nei-confronti-dellue\/\">Nucleo della Guardia di Finanza per la Repressione delle Frodi nei confronti dell\u2019UE<\/a>, operante presso la Presidenza del Consiglio dei Ministri &#8211; Dipartimento per le Politiche europee, antesignano dei Servizi di Coordinamento Antifrode nazionali, cd \u201cAFCOS\u201d, ora istituiti in tutti gli Stati dell\u2019UE.<\/p>\n<p>Il Nucleo della Guardia di Finanza \u00e8 stato istituito con D.P.C.M. in data 11 gennaio 1995 per le esigenze di supporto al COLAF ed al Sottosegretario di Stato alla Presidenza del Consiglio con deleghe alle\u00a0<a href=\"http:\/\/www.politicheeuropee.gov.it\/\">Politiche Europee<\/a>.<\/p>\n<p>Il Comandante del Nucleo \u00e8, in Italia, componente del Comitato e, in Europa, membro del\u00a0<a href=\"https:\/\/italiaue.esteri.it\/it\/litalia-e-lue\/cosa-facciamo\/comitato-consultivo-lotta-alla-frode-della-commissione-co-co-l-a-f\/\">Comitato consultivo lotta antifrode<\/a>\u00a0(<a href=\"http:\/\/www.italiaue.esteri.it\/rapp_ue\/it\/ambasciata\/cosa_facciamo\/cocolaf.html\">COCOLAF<\/a>), istituito presso la Commissione UE e del Gruppo Lotta alla Frode (GAF) del Consiglio UE.<\/p>\n<p>La partecipazione ai due consessi ed ai loro sottogruppi, nonch\u00e9 le interlocuzioni con il Parlamento europeo &#8211; segnatamente con la\u00a0<a href=\"https:\/\/www.europarl.europa.eu\/committees\/it\/cont\/about\">Commissione Controllo dei Bilanci\/ CONT<\/a>\u00a0&#8211; \u00e8 assicurata in strettissima sinergia con la Rappresentanza Permanente in Bruxelles, attraverso il\u00a0settore Antifrode\u00a0(inquadrato nel pi\u00f9 ampio settore ECOFIN), al quale, non a caso, \u00e8 preposto un Ufficiale Dirigente della Guardia di Finanza in qualit\u00e0 di \u201cEsperto\u201d.<\/p>\n<p>Compiti istituzionali del Nucleo (ex. art. 8 D.M. 7 dicembre 2012):<\/p>\n<ul>\n<li>svolge, attraverso la Segreteria tecnica, funzioni di supporto al Comitato per la lotta contro le frodi nei confronti dell&#8217;UE (in pratica, ne rappresenta il \u201cbraccio operativo\u201d);<\/li>\n<li>mantiene i contatti con tutte le Istituzioni europee e nazionali competenti nel settore della lotta alle frodi;<\/li>\n<li>segue, nei settori di competenza, i lavori degli organismi dell\u2019Unione, e in particolare del Comitato europeo consultivo per il coordinamento nel settore della lotta contro le frodi (COCOLAF) e del Gruppo Antifrode (GAF) e, a tal fine, cura l\u2019adozione della posizione nazionale da rappresentare in tali sedi;<\/li>\n<li>predispone la\u00a0<a href=\"https:\/\/www.politicheeuropee.gov.it\/it\/attivita\/lotta-alle-frodi-allue\/relazioni-annuali\/\">relazione nazionale sullo stato di attuazione dell\u2019art. 325, Trattato sul Funzionamento dell\u2019Unione Europea<\/a>, con la quale vengono riferite notizie relative alla situazione degli illeciti in materia di gestioni di fondi comunitari, all\u2019evoluzione normativa settoriale, all\u2019organizzazione delle strutture preposte ai controlli specifici. A tale fine, vengono elaborate le risposte fornite da tutte Amministrazioni interessate;<\/li>\n<li>cura la raccolta e l\u2019elaborazione delle comunicazioni relative alle irregolarit\u00e0 e alle frodi in materia di fondi strutturali accertate dalle diverse Amministrazioni nazionali, per la trasmissione trimestrale all\u2019OLAF, in aderenza agli obblighi previsti dal Reg.(CE) 1681\/94 e successive modifiche e dal Reg.(CE) 1828\/06, tramite il sistema informatico dell\u2019OLAF denominato \u201cIMS (<a href=\"https:\/\/italiaue.esteri.it\/it\/litalia-e-lue\/cosa-facciamo\/ims-irregularities-management-system\/\">Irregularity Management System<\/a>).<\/li>\n<\/ul>\n","protected":false},"excerpt":{"rendered":"Il corretto impiego dei fondi erogati dall\u2019Unione europea costituisce un impegno fondamentale nella prospettiva di un rinnovato sviluppo economico in un contesto di massima legalit\u00e0. Il problema delle c.d. \u201cfrodi all\u2019Unione europea\u201d rappresenta, pertanto, per l\u2019Europa, una problematica di primissimo rilievo considerati gli effetti negativi che esse producono non solo sul Bilancio ma anche sul [&hellip;]","protected":false},"author":5,"featured_media":0,"parent":237,"menu_order":0,"comment_status":"closed","ping_status":"closed","template":"","meta":{"footnotes":""},"class_list":["post-346","page","type-page","status-publish","hentry"],"_links":{"self":[{"href":"https:\/\/italiaue.esteri.it\/it\/wp-json\/wp\/v2\/pages\/346","targetHints":{"allow":["GET"]}}],"collection":[{"href":"https:\/\/italiaue.esteri.it\/it\/wp-json\/wp\/v2\/pages"}],"about":[{"href":"https:\/\/italiaue.esteri.it\/it\/wp-json\/wp\/v2\/types\/page"}],"author":[{"embeddable":true,"href":"https:\/\/italiaue.esteri.it\/it\/wp-json\/wp\/v2\/users\/5"}],"replies":[{"embeddable":true,"href":"https:\/\/italiaue.esteri.it\/it\/wp-json\/wp\/v2\/comments?post=346"}],"version-history":[{"count":3,"href":"https:\/\/italiaue.esteri.it\/it\/wp-json\/wp\/v2\/pages\/346\/revisions"}],"predecessor-version":[{"id":2555,"href":"https:\/\/italiaue.esteri.it\/it\/wp-json\/wp\/v2\/pages\/346\/revisions\/2555"}],"up":[{"embeddable":true,"href":"https:\/\/italiaue.esteri.it\/it\/wp-json\/wp\/v2\/pages\/237"}],"wp:attachment":[{"href":"https:\/\/italiaue.esteri.it\/it\/wp-json\/wp\/v2\/media?parent=346"}],"curies":[{"name":"wp","href":"https:\/\/api.w.org\/{rel}","templated":true}]}}