{"id":334,"date":"2023-01-13T12:36:17","date_gmt":"2023-01-13T11:36:17","guid":{"rendered":"https:\/\/italiaue.esteri.it\/?page_id=334"},"modified":"2025-07-07T12:22:54","modified_gmt":"2025-07-07T10:22:54","slug":"consiglio-agricoltura-e-pesca","status":"publish","type":"page","link":"https:\/\/italiaue.esteri.it\/it\/litalia-e-lue\/cosa-facciamo\/consiglio-agricoltura-e-pesca\/","title":{"rendered":"Consiglio Agricoltura e Pesca"},"content":{"rendered":"<p><img loading=\"lazy\" decoding=\"async\" class=\"img-fluid aligncenter wp-image-338 \" src=\"https:\/\/italiaue.esteri.it\/wp-content\/uploads\/2022\/11\/agrifish18.07.22.jpg\" alt=\"\" width=\"560\" height=\"373\" srcset=\"https:\/\/italiaue.esteri.it\/wp-content\/uploads\/2022\/11\/agrifish18.07.22.jpg 800w, https:\/\/italiaue.esteri.it\/wp-content\/uploads\/2022\/11\/agrifish18.07.22-300x200.jpg 300w, https:\/\/italiaue.esteri.it\/wp-content\/uploads\/2022\/11\/agrifish18.07.22-768x512.jpg 768w\" sizes=\"auto, (max-width: 560px) 100vw, 560px\" \/><\/p>\n<p>&nbsp;<\/p>\n<p>Il Consiglio dei Ministri dell\u2019Unione Europea (AGRIFISH) riunisce i Ministri responsabili per l\u2019agricoltura e la pesca degli Stati Membri dell\u2019UE sotto la Presidenza di turno, con la partecipazione del Commissario europeo all\u2019Agricoltura, nonch\u00e9, quando necessario, del Commissario alla Salute e del Commissario alla Pesca.<\/p>\n<p>I lavori del Consiglio AGRIFISH sono preparati in due diverse filiere:<\/p>\n<p>\u2022 I dossier legislativi afferenti alla Politica Agricola Comune, vengono trattati prima in gruppo di lavoro e poi nel\u00a0<strong>Comitato Speciale Agricoltura (CSA)<\/strong>\u00a0che si riunisce una volta a settimana. Alle riunioni del CSA \u00e8 designato un portavoce e vi partecipano anche i funzionari responsabili del settore agricoltura delle rispettive Rappresentanze Permanenti coadiuvati, se del caso, da esperti provenienti dalle capitali.<\/p>\n<p>\u2022 I temi relativi alle foreste, alla pesca, alla sanit\u00e0 pubblica veterinaria e sicurezza alimentare e gli aspetti fitosanitari sono discussi nei rispettivi gruppi di lavoro del Consiglio per poi essere trattati dal\u00a0<strong>COREPER<\/strong>\u00a0<strong>I<\/strong>, che prepara i lavori di sei formazioni del Consiglio, tra cui l\u2019AGRIFISH su questi temi.<\/p>\n<p><strong><br \/>\nUna Politica Agricola Comune pi\u00f9 equa e sostenibile (PAC 2023 \u2013 2027)<\/strong><\/p>\n<p>La novit\u00e0 pi\u00f9 rilevante della PAC 2023 -2027 \u00e8 il regolamento dei Piani Strategici, il quale prevede che ogni Stato membro predisponga un proprio Piano Strategico Nazionale per tutti gli interventi della PAC, estendendo cos\u00ec la programmazione strategica, oggi riservata solo alle misure di Sviluppo Rurale (II pilastro), anche ai Pagamenti Diretti ed alle misure di mercato (I pilastro). Il Piano Strategico Nazionale, una volta approvato dalla Commissione, sar\u00e0 operativo a partire dal 1 gennaio 2023.<\/p>\n<p>Tra i temi pi\u00f9 rilevanti della riforma si segnalano:<\/p>\n<p>Il sostegno al reddito degli agricoltori. \u00c8 previsto: il mantenimento dei pagamenti diretti agli agricoltori \u201cactive farmers\u201d in base all\u2019attuale sistema dei \u201ctitoli all\u2019aiuto\u201d a cui si aggiunge un pagamento redistributivo per le aziende medio-piccole, nonch\u00e9 la possibilit\u00e0 di mantenere aiuti accoppiati alla produzione.<\/p>\n<p>La maggiore sostenibilit\u00e0 ambientale. In linea con gli accordi di Parigi COP21 e con l\u2019impegno della UE in materia ambientale, si prevede una particolare attenzione per le misure climatico-ambientali. Dagli attuali impegni di condizionalit\u00e0 e pagamenti greening si passer\u00e0 al rispetto di una \u201ccondizionalit\u00e0 rafforzata\u201d ed all\u2019obbligo per gli Stati membri di prevedere schemi ecologici nei Pagamenti Diretti in aggiunta alle misure agroambientali gi\u00e0 previste nello Sviluppo Rurale.<\/p>\n<p>La riduzione dei pagamenti. Gli Stati Membri potranno ridurre i pagamenti diretti a partire dai 60.000 \u20ac, per contenere i pagamenti alle aziende pi\u00f9 estese, nonch\u00e9 fissare un tetto massimo dei pagamenti per gli importi superiori a 100.000 \u20ac.<\/p>\n<p>Il mantenimento delle misure di mercato. Saranno mantenuti gli interventi relativi ai programmi operativi per ortofrutta, olio d\u2019oliva, miele, settore vitivinicolo, nonch\u00e9 per altri settori a scelta nei limiti del 3-5% della dotazione finanziaria per lo Stato membro.<\/p>\n<p>Il contributo della PAC alle strategie dal campo alla tavola (Farm to Fork) e sulla biodiversit\u00e0, in termini riduzione del 50% dell&#8217;uso di pesticidi chimici, del 20% dell&#8217;uso di fertilizzanti di sintesi e per l\u2019aumento al 25% dei terreni agricoli coltivati con metodo biologico. Inoltre, il contributo alla strategia sulla biodiversit\u00e0 per raggiungere almeno il 10% di aree ecologiche nei terreni agricoli.<\/p>\n<p>Link utili:<\/p>\n<p>Aggiornamenti strategia From farm to fork<br \/>\n<a href=\"https:\/\/ec.europa.eu\/food\/horizontal-topics\/farm-fork-strategy_it\">https:\/\/ec.europa.eu\/food\/horizontal-topics\/farm-fork-strategy_it<\/a><\/p>\n<p>Aggiornamenti PAC 2023 -2027<br \/>\n<a href=\"https:\/\/www.reterurale.it\/PAC_2023_27\">https:\/\/www.reterurale.it\/PAC_2023_27<\/a><\/p>\n<p>Commissione europea &#8211; DG AGRI (Agricoltura e sviluppo rurale) &#8211;<br \/>\n<a href=\"https:\/\/ec.europa.eu\/agriculture\/index_en\">https:\/\/ec.europa.eu\/agriculture\/index_en<\/a><\/p>\n<p>&nbsp;<\/p>\n<p><strong>Politica Comune della Pesca (PCP)<\/strong><\/p>\n<p>La sfida centrale della PCP \u00e8 quella di rendere la pesca pi\u00f9 sostenibile dal punto di vista ambientale e pi\u00f9 redditizia sul piano economico, affrontando al tempo stesso problemi come lo sfruttamento eccessivo e la sovraccapacit\u00e0 della flotta. La tutela dei mari e degli oceani \u00e8 fondamentale per garantire un giusto equilibrio ambientale, nel rispetto degli impegni assunti dall\u2019Unione europea in materia di neutralit\u00e0 climatica. Il settore della pesca e dell\u2019economia blu saranno parte integrante del \u201cEuropean Green Deal\u201d per realizzare le ambizioni climatiche della UE e della strategia dal produttore al consumatore per un sistema alimentare equo, sano e rispettoso dell&#8217;ambiente. Nel corso del mandato 2019-2024 la Commissione proseguir\u00e0 gli sforzi messi in campo per la gestione degli stock ittici in modo sostenibile, continuando a combattere la pesca illegale, non dichiarata e non regolamentata.<\/p>\n<p>A livello di Consiglio si discutono i Totali Ammissibili di Cattura, i piani pluriennali di gestione della pesca e altre misure di conservazione, ad esempio misure tecniche e crescita blu. Inoltre, il Consiglio svolge un ruolo importante nella negoziazione e conclusione di accordi internazionali quali le organizzazioni regionali per la gestione della pesca (multilaterale) e di partenariato per una pesca sostenibile tra l&#8217;UE e Paesi terzi (bilaterali).<\/p>\n<p>Lo strumento finanziario della PCP \u00e8 il Fondo Europeo per gli Affari Marittimi, la Pesca e l\u2019Acquacoltura (FEAMPA) per il periodo di programmazione 2021-2027 al fine di accompagnare il settore verso una pesca sostenibile, incrementarne la resilienza nell\u2019affrontare le nuove sfide e cogliere le nuove opportunit\u00e0 di mercato.<\/p>\n<p>Link utili:<\/p>\n<p>Consiglio dell\u2019Unione europea<br \/>\n<a href=\"https:\/\/www.consilium.europa.eu\/it\/council-eu\/configurations\/agrifish\/\">https:\/\/www.consilium.europa.eu\/it\/council-eu\/configurations\/agrifish\/<\/a><\/p>\n<p>Commissione europea &#8211; DG MARE (Affari marittimi e Pesca)<br \/>\n<a href=\"https:\/\/ec.europa.eu\/fisheries\/home_en\">https:\/\/ec.europa.eu\/fisheries\/home_en<\/a><\/p>\n<p>Ministero politiche agricole alimentari e forestali \u2013 Pesca e acquacoltura<br \/>\n<a href=\"https:\/\/www.politicheagricole.it\/flex\/cm\/pages\/ServeBLOB.php\/L\/IT\/IDPagina\/311\">https:\/\/www.politicheagricole.it\/flex\/cm\/pages\/ServeBLOB.php\/L\/IT\/IDPagina\/311<\/a><\/p>\n<p><strong><br \/>\nSANITA\u2019 PUBBLICA VETERINARIA E SICUREZZA ALIMENTARE<\/strong><\/p>\n<p>L\u2019area della sanit\u00e0 pubblica veterinaria e della sicurezza alimentare, trattata a livello europeo dalla formazione consigliare AGRIFISH e dalla Commissione ENVI del Parlamento Europeo, afferisce a livello nazionale alle competenze del Ministero della salute.<\/p>\n<p>Gli obiettivi della politica europea di sanit\u00e0 pubblica veterinaria e sicurezza alimentare sono duplici: da un lato, proteggere la salute e gli interessi dei consumatori e, dall\u2019altro, favorire il corretto funzionamento del mercato unico europeo. Di conseguenza, l\u2019Unione europea provvede affinch\u00e9 siano definite e rispettate norme di controllo nei settori dell\u2019igiene e sicurezza dei prodotti alimentari e dei mangimi, della salute e benessere animale e del farmaco veterinario. L\u2019UE disciplina altres\u00ec l\u2019etichettatura dei prodotti alimentari e le informazioni sugli alimenti veicolate ai consumatori.<\/p>\n<p>Durante il quinquennio 2019-2024, l\u2019azione istituzionale nel settore si svilupper\u00e0 nel quadro della Strategia \u201cFarm to Fork\u201d della Commissione europea per un sistema alimentare equo, sano e rispettoso dell\u2019ambiente. La Strategia \u00e8 accompagnata da un piano d&#8217;azione costituito da ventisette iniziative, di carattere legislativo e non-legislativo, che toccano diversi ambiti, tra cui le principali sono:<\/p>\n<p>\u00b7 Proposta di un quadro legislativo per i sistemi alimentari sostenibili;<\/p>\n<p>\u00b7 Proposta relativa a un quadro per l&#8217;etichettatura di sostenibilit\u00e0 dei prodotti alimentari per dotare i consumatori degli strumenti necessari per compiere scelte alimentari sostenibili;<\/p>\n<p>\u00b7 Sviluppo di un piano di emergenza per garantire l\u2019approvvigionamento alimentare e la sicurezza dell&#8217;approvvigionamento alimentare;<\/p>\n<p>\u00b7 Proposta di revisione della direttiva sull&#8217;utilizzo sostenibile dei pesticidi per ridurre significativamente l&#8217;uso dei pesticidi, i rischi ad essi legati e la dipendenza dagli stessi e migliorare la difesa integrata;<\/p>\n<p>\u00b7 Revisione dei regolamenti di esecuzione in materia di prodotti fitosanitari per agevolare l&#8217;immissione sul mercato di prodotti fitosanitari contenenti sostanze attive biologiche;<\/p>\n<p>\u00b7 Valutazione e revisione della normativa in materia di benessere degli animali, compresa quella sul trasporto e sulla macellazione degli animali;<\/p>\n<p>\u00b7 Proposta di revisione del regolamento sugli additivi per mangimi, al fine di ridurre l&#8217;impatto ambientale dell&#8217;allevamento del bestiame;<\/p>\n<p>\u00b7 Avvio di iniziative per promuovere la riformulazione degli alimenti trasformati, compresa la definizione di livelli massimi per determinate sostanze nutritive;<\/p>\n<p>\u00b7 Creazione di profili nutrizionali per limitare la promozione di alimenti ricchi di sale, zuccheri e\/o grassi;<\/p>\n<p>\u00b7 Proposta di revisione della normativa dell&#8217;UE sui materiali a contatto con gli alimenti per migliorare la sicurezza degli alimenti, proteggere la salute dei cittadini e ridurre l&#8217;impronta ambientale del settore;<\/p>\n<p>\u00b7 Proposta per un&#8217;etichettatura nutrizionale sulla parte anteriore dell\u2019imballaggio obbligatoria e armonizzata, per consentire ai consumatori di compiere scelte alimentari salutari;<\/p>\n<p>\u00b7 Proposta intesa a rendere obbligatoria l&#8217;indicazione di origine per determinati prodotti;<\/p>\n<p>\u00b7 Proposta di obiettivi a livello dell&#8217;UE per la riduzione degli sprechi alimentari;<\/p>\n<p>\u00b7 Proposta di revisione delle norme dell&#8217;UE sull&#8217;indicazione della data di scadenza e del termine minimo di conservazione degli alimenti.<\/p>\n<p>Link utili:<\/p>\n<p>Commissione europea &#8211; DGSANTE<br \/>\n<a href=\"https:\/\/ec.europa.eu\/info\/departments\/health-and-food-safety_it\">https:\/\/ec.europa.eu\/info\/departments\/health-and-food-safety_it<\/a><\/p>\n<p>Parlamento Europeo\u2013 Commissione parlamentare \u201cAmbiente, sanit\u00e0 pubblica e sicurezza alimentare\u201d (ENVI Committee)<br \/>\n<a href=\"https:\/\/www.europarl.europa.eu\/committees\/en\/envi\/home.html\">https:\/\/www.europarl.europa.eu\/committees\/en\/envi\/home.html<\/a><\/p>\n<p>Ministero della salute<br \/>\n<a href=\"http:\/\/www.salute.gov.it\/portale\/temi\/p2_3_alimenti.html\">http:\/\/www.salute.gov.it\/portale\/temi\/p2_3_alimenti.html<\/a><\/p>\n<p><a href=\"http:\/\/www.salute.gov.it\/portale\/temi\/p2_3_animali.html\">http:\/\/www.salute.gov.it\/portale\/temi\/p2_3_animali.html<\/a><\/p>\n<p>&nbsp;<\/p>\n<p>Crediti foto: Consiglio dell&#8217;Unione Europea<\/p>\n","protected":false},"excerpt":{"rendered":"&nbsp; Il Consiglio dei Ministri dell\u2019Unione Europea (AGRIFISH) riunisce i Ministri responsabili per l\u2019agricoltura e la pesca degli Stati Membri dell\u2019UE sotto la Presidenza di turno, con la partecipazione del Commissario europeo all\u2019Agricoltura, nonch\u00e9, quando necessario, del Commissario alla Salute e del Commissario alla Pesca. I lavori del Consiglio AGRIFISH sono preparati in due diverse [&hellip;]","protected":false},"author":5,"featured_media":0,"parent":237,"menu_order":0,"comment_status":"closed","ping_status":"closed","template":"","meta":{"footnotes":""},"class_list":["post-334","page","type-page","status-publish","hentry"],"_links":{"self":[{"href":"https:\/\/italiaue.esteri.it\/it\/wp-json\/wp\/v2\/pages\/334","targetHints":{"allow":["GET"]}}],"collection":[{"href":"https:\/\/italiaue.esteri.it\/it\/wp-json\/wp\/v2\/pages"}],"about":[{"href":"https:\/\/italiaue.esteri.it\/it\/wp-json\/wp\/v2\/types\/page"}],"author":[{"embeddable":true,"href":"https:\/\/italiaue.esteri.it\/it\/wp-json\/wp\/v2\/users\/5"}],"replies":[{"embeddable":true,"href":"https:\/\/italiaue.esteri.it\/it\/wp-json\/wp\/v2\/comments?post=334"}],"version-history":[{"count":1,"href":"https:\/\/italiaue.esteri.it\/it\/wp-json\/wp\/v2\/pages\/334\/revisions"}],"predecessor-version":[{"id":5531,"href":"https:\/\/italiaue.esteri.it\/it\/wp-json\/wp\/v2\/pages\/334\/revisions\/5531"}],"up":[{"embeddable":true,"href":"https:\/\/italiaue.esteri.it\/it\/wp-json\/wp\/v2\/pages\/237"}],"wp:attachment":[{"href":"https:\/\/italiaue.esteri.it\/it\/wp-json\/wp\/v2\/media?parent=334"}],"curies":[{"name":"wp","href":"https:\/\/api.w.org\/{rel}","templated":true}]}}