{"id":164,"date":"2022-11-07T18:23:17","date_gmt":"2022-11-07T17:23:17","guid":{"rendered":"https:\/\/italiaue.esteri.it\/?page_id=164"},"modified":"2026-02-11T13:12:08","modified_gmt":"2026-02-11T12:12:08","slug":"bandi-di-gara-e-contratti","status":"publish","type":"page","link":"https:\/\/italiaue.esteri.it\/it\/amministrazione-trasparente\/bandi-di-gara-e-contratti\/","title":{"rendered":"Bandi di gara e contratti"},"content":{"rendered":"<p><strong>Esercizio finanziario 2018<\/strong><\/p>\n<p><a href=\"https:\/\/italiaue.esteri.it\/wp-content\/uploads\/2022\/11\/rpuie_contratti_es._2018_ex_art._37.xlsx\">Bandi di gara e contratti (ex art. 37)<\/a><\/p>\n<p>&nbsp;<\/p>\n<p><strong>Esercizio finanziario 2019<\/strong><\/p>\n<p><a href=\"https:\/\/www.esteri.it\/it\/trasparenza_comunicazioni_legali\/bandi-gara-contratti\/informazioni-sulle-singole-procedure\/?a=2019&amp;l=E\">Informazioni sulle singole procedure in formato tabellare<\/a><\/p>\n<p>\u201cGli atti relativi alle singole procedure sono disponibili sul portale trasparenza del Ministero degli Affari Esteri e della Cooperazione internazionale (<a href=\"https:\/\/www.esteri.it\/it\/trasparenza_comunicazioni_legali\/bandi-gara-contratti\/informazioni-sulle-singole-procedure\/?vpdf=proc&amp;d=RP%20PRESSO%20UNIONE%20EUROPEA&amp;a=2019&amp;l=E&amp;t=html\">LINK<\/a>)\u201d<\/p>\n<p><strong>Esercizio finanziario 2020<br \/>\n<\/strong><br \/>\n<a href=\"https:\/\/www.esteri.it\/it\/trasparenza_comunicazioni_legali\/bandi-gara-contratti\/informazioni-sulle-singole-procedure\/?a=2020&amp;l=E\">Informazioni sulle singole procedure in formato tabellare<\/a><\/p>\n<p>\u201cGli atti relativi alle singole procedure sono disponibili sul portale trasparenza del Ministero degli Affari Esteri e della Cooperazione internazionale (<a href=\"https:\/\/www.esteri.it\/it\/trasparenza_comunicazioni_legali\/bandi-gara-contratti\/informazioni-sulle-singole-procedure\/?vpdf=proc&amp;d=RP%20PRESSO%20UNIONE%20EUROPEA&amp;a=2020&amp;l=E&amp;t=html\">LINK<\/a>)\u201d<\/p>\n<p><strong>Esercizio finanziario 2021<\/strong><\/p>\n<p><a href=\"https:\/\/www.esteri.it\/it\/trasparenza_comunicazioni_legali\/bandi-gara-contratti\/informazioni-sulle-singole-procedure\/?a=2021&amp;l=E\">Informazioni sulle singole procedure in formato tabellare<\/a><\/p>\n<p>\u201cGli atti relativi alle singole procedure sono disponibili sul portale trasparenza del Ministero degli Affari Esteri e della Cooperazione internazionale (<a href=\"https:\/\/www.esteri.it\/it\/trasparenza_comunicazioni_legali\/bandi-gara-contratti\/informazioni-sulle-singole-procedure\/?vpdf=proc&amp;d=RP%20PRESSO%20UNIONE%20EUROPEA&amp;a=2021&amp;l=E&amp;t=html\">LINK<\/a>)\u201d<\/p>\n<p><strong>Esercizio finanziario 2025<\/strong><\/p>\n<ul>\n<li><a href=\"https:\/\/italiaue.esteri.it\/wp-content\/uploads\/2026\/02\/001-Nomina-commissione-giudicatrice-Cubo.pdf\">Nomina commissione giudicatrice Cubo<\/a><\/li>\n<li><a href=\"https:\/\/italiaue.esteri.it\/wp-content\/uploads\/2026\/02\/1.-Decreto-conferma-nomina-RUP.pdf\">Decreto conferma nomina RUP<\/a><\/li>\n<li><a href=\"https:\/\/drive.google.com\/file\/d\/1ycNOiRI81D-yKm6kuwDbSXXJKs8tJd6B\/view?usp=drivesdk\">Lettera d&#8217;Invito<\/a><\/li>\n<li><a href=\"https:\/\/italiaue.esteri.it\/wp-content\/uploads\/2026\/02\/Decisione-di-Contrarre.pdf\">Decisione di Contrarre<\/a><\/li>\n<li><a href=\"https:\/\/italiaue.esteri.it\/wp-content\/uploads\/2026\/02\/Inesistenza-Cause-di-incompatibilita.pdf\">Inesistenza Cause di incompatibilit\u00e0<\/a><\/li>\n<li><a href=\"https:\/\/italiaue.esteri.it\/wp-content\/uploads\/2026\/02\/Verbale-Commissione-n.-1.pdf\">Verbale Commissione n. 1<\/a><\/li>\n<li><a href=\"https:\/\/italiaue.esteri.it\/wp-content\/uploads\/2026\/02\/Verbale-Commissione-n.-2.pdf\">Verbale Commissione n. 2<\/a><\/li>\n<li><a href=\"https:\/\/italiaue.esteri.it\/wp-content\/uploads\/2026\/02\/Verbale-Commissione-n.-3.pdf\">Verbale Commissione n. 3<\/a><\/li>\n<li><a href=\"https:\/\/italiaue.esteri.it\/wp-content\/uploads\/2026\/02\/Verbale-Commissione-n.-4.pdf\">Verbale Commissione n. 4<\/a><\/li>\n<\/ul>\n<p>\u201cGli atti relativi alle singole procedure sono disponibili sul portale trasparenza del Ministero degli Affari Esteri e della Cooperazione internazionale (<a href=\"https:\/\/www.esteri.it\/it\/trasparenza_comunicazioni_legali\/bandi-gara-contratti\/informazioni-sulle-singole-procedure\/?vpdf=proc&amp;d=RP%20PRESSO%20UNIONE%20EUROPEA&amp;a=2021&amp;l=E&amp;t=html\">LINK<\/a>)\u201d<\/p>\n<p>&nbsp;<\/p>\n<p><strong>Esercizio finanziario 2026<\/strong><\/p>\n<p>Travaux de r\u00e9novation de la toiture de la r\u00e9sidence du Repr\u00e9sentant permanent<\/p>\n<p><a href=\"https:\/\/italiaue.esteri.it\/wp-content\/uploads\/2026\/02\/AVIS-DAPPEL-A-MANIFESTATION-DINTERET-TOITURE-DE-LA-RESIDENCE.pdf\">Avis d\u2019appel \u00e0 manifestation d\u2019int\u00e9r\u00eat-toiture de la r\u00e9sidence<\/a><\/p>\n<p><a href=\"https:\/\/italiaue.esteri.it\/wp-content\/uploads\/2026\/02\/FORMULAIRE-AVIS-DAPPEL-A-MANIFESTATION-DINTERET-TOITURE-DE-LA-RESIDENCE.docx\">Formulaire avis d\u2019appel \u00e0 manifestation d\u2019int\u00e9r\u00eat-toiture de la r\u00e9sidence<\/a><\/p>\n<p>\u201cGli atti relativi alle singole procedure sono disponibili sul portale trasparenza del Ministero degli Affari Esteri e della Cooperazione internazionale (<a href=\"https:\/\/www.esteri.it\/it\/trasparenza_comunicazioni_legali\/bandi-gara-contratti\/informazioni-sulle-singole-procedure\/?vpdf=proc&amp;d=RP%20PRESSO%20UNIONE%20EUROPEA&amp;a=2021&amp;l=E&amp;t=html\">LINK<\/a>)\u201d<\/p>\n<p>&nbsp;<\/p>\n<p><em>Data ultimo aggiornamento: 11\/02\/2025<\/em><\/p>\n","protected":false},"excerpt":{"rendered":"Esercizio finanziario 2018 Bandi di gara e contratti (ex art. 37) &nbsp; Esercizio finanziario 2019 Informazioni sulle singole procedure in formato tabellare \u201cGli atti relativi alle singole procedure sono disponibili sul portale trasparenza del Ministero degli Affari Esteri e della Cooperazione internazionale (LINK)\u201d Esercizio finanziario 2020 Informazioni sulle singole procedure in formato tabellare \u201cGli atti [&hellip;]","protected":false},"author":4,"featured_media":0,"parent":161,"menu_order":0,"comment_status":"closed","ping_status":"closed","template":"","meta":{"footnotes":""},"class_list":["post-164","page","type-page","status-publish","hentry"],"_links":{"self":[{"href":"https:\/\/italiaue.esteri.it\/it\/wp-json\/wp\/v2\/pages\/164","targetHints":{"allow":["GET"]}}],"collection":[{"href":"https:\/\/italiaue.esteri.it\/it\/wp-json\/wp\/v2\/pages"}],"about":[{"href":"https:\/\/italiaue.esteri.it\/it\/wp-json\/wp\/v2\/types\/page"}],"author":[{"embeddable":true,"href":"https:\/\/italiaue.esteri.it\/it\/wp-json\/wp\/v2\/users\/4"}],"replies":[{"embeddable":true,"href":"https:\/\/italiaue.esteri.it\/it\/wp-json\/wp\/v2\/comments?post=164"}],"version-history":[{"count":4,"href":"https:\/\/italiaue.esteri.it\/it\/wp-json\/wp\/v2\/pages\/164\/revisions"}],"predecessor-version":[{"id":6567,"href":"https:\/\/italiaue.esteri.it\/it\/wp-json\/wp\/v2\/pages\/164\/revisions\/6567"}],"up":[{"embeddable":true,"href":"https:\/\/italiaue.esteri.it\/it\/wp-json\/wp\/v2\/pages\/161"}],"wp:attachment":[{"href":"https:\/\/italiaue.esteri.it\/it\/wp-json\/wp\/v2\/media?parent=164"}],"curies":[{"name":"wp","href":"https:\/\/api.w.org\/{rel}","templated":true}]}}