{"id":14,"date":"2022-11-03T17:33:39","date_gmt":"2022-11-03T16:33:39","guid":{"rendered":"https:\/\/italiaue.esteri.it\/?page_id=14"},"modified":"2026-02-02T11:07:30","modified_gmt":"2026-02-02T10:07:30","slug":"servizi-e-opportunita","status":"publish","type":"page","link":"https:\/\/italiaue.esteri.it\/it\/servizi-e-opportunita\/","title":{"rendered":"Servizi e opportunit\u00e0"},"content":{"rendered":"<p>AVVISO PER I CANDIDATI ITALIANI VINCITORI DI CONCORSI EPSO<\/p>\n<p>I candidati di nazionalit\u00e0 italiana vincitori di concorsi EPSO ed inseriti in liste di riserva EPSO ancora valide, se interessati a mettersi in contatto con la Rappresentanza Permanente d\u2019Italia presso l\u2019Unione Europea, potranno scrivere all\u2019indirizzo di posta elettronica<\/p>\n<div>\n<p><strong><a href=\"mailto:rpue.pers.ue@esteri.it\">rpue.pers.ue@esteri.it<\/a><\/strong><\/p>\n<p>fornendo i seguenti dati:<\/p>\n<p>\u2013 nome e cognome<br \/>\n\u2013 concorso<br \/>\n\u2013 lista di riserva e sua scadenza<br \/>\n\u2013 indirizzo e-mail e numero di telefono<\/p>\n<p>&nbsp;<\/p>\n<hr \/>\n<p><strong>Tirocini presso la Rappresentanza permanente<\/strong><\/p>\n<p><img loading=\"lazy\" decoding=\"async\" class=\"alignnone size-medium wp-image-666 img-fluid\" src=\"https:\/\/italiaue.esteri.it\/wp-content\/uploads\/2023\/03\/59529_f_amb61P1290032picc1-225x300.jpg\" alt=\"59529_f_amb61P1290032picc1\" width=\"225\" height=\"300\" srcset=\"https:\/\/italiaue.esteri.it\/wp-content\/uploads\/2023\/03\/59529_f_amb61P1290032picc1-225x300.jpg 225w, https:\/\/italiaue.esteri.it\/wp-content\/uploads\/2023\/03\/59529_f_amb61P1290032picc1.jpg 343w\" sizes=\"auto, (max-width: 225px) 100vw, 225px\" \/><\/p>\n<p>Il programma CRUI del Ministero degli Affari Esteri e della Cooperazione Internazionale consente di svolgere un tirocinio anche presso questa Sede.<\/p>\n<p>Un\u2019opportunit\u00e0 per entrare a diretto contatto con la Rappresentanza Permanente e le istituzioni dell\u2019Unione, approfondendo dossier su svariati temi di interesse italiano e europeo, e vivendo un\u2019esperienza altamente professionalizzante e formativa.<\/p>\n<p>Maggiori informazioni sul programma MAE-CRUI sono disponibili\u00a0<strong><a href=\"https:\/\/www.tirocinicrui.it\/\">a questo indirizzo.<\/a><\/strong><\/p>\n<p>&nbsp;<\/p>\n<h1 align=\"left\"><a href=\"http:\/\/www.fondazionecrui.it\/tirocini\/Pagine\/Stage-MAE\/default.aspx\"><img loading=\"lazy\" decoding=\"async\" src=\"https:\/\/italiaue.esteri.it\/wp-content\/uploads\/2023\/03\/59489_f_amb61header_fondazionecrui.jpg\" alt=\"Sito della Fondazione CRUI\" width=\"470\" height=\"54\" border=\"0\" \/><\/a><\/h1>\n<p>&nbsp;<\/p>\n<hr \/>\n<p><strong>Lavorare presso l&#8217;Unione europea<\/strong><\/p>\n<p><img loading=\"lazy\" decoding=\"async\" src=\"https:\/\/italiaue.esteri.it\/wp-content\/uploads\/2023\/03\/59474_f_amb61justuslipsius.jpg\" alt=\"Palazzo del Consiglio UE\" width=\"476\" height=\"286\" border=\"0\" \/><\/p>\n<p>Lavorare per le istituzioni europee pu\u00f2 offrire una carriera interessante, varie e piena di sfide. Non solo si ha l\u2019occasione di occuparsi di un\u2019ampia variet\u00e0 di questioni, ma c\u2019\u00e8 anche la possibilit\u00e0 di confrontarsi con attori diversi, quali i funzionari dei paesi membri, esponenti delle industrie europee, ONG e cos\u00ec via.<br \/>\nAllo stesso tempo vi sono varie opzioni a disposizione per trovare un impiego temporaneo o a tempo indeterminato presso le istituzioni, a seconda che tu sia un giovane laureato in cerca del primo impiego, un professionista con alcuni anni di esperienza, oppure un funzionario di un\u2019Amministrazione pubblica che intende arricchire il suo curriculum professionale con un\u2019esperienza presso le istituzioni europee.<\/p>\n<p><strong><br \/>\nCarriere presso l\u2019Unione Europea<\/strong><\/p>\n<p><strong>Opportunit\u00e0 per Amministratori (AD Grade)<\/strong><\/p>\n<p>Oltre ad assistere i funzionari italiani che desiderano vivere un\u2019esperienza professionale in Europa, la Rappresentanza Permanente incoraggia i cittadini italiani a presentare domanda per i concorsi banditi dalle istituzioni europee.<\/p>\n<p>Da alcuni anni, tutti i concorsi per il reclutamento di impiegati a tempo indeterminate sono stati centralizzati presso lo Ufficio Europeo di Selezione del Personale (EPSO), a prescindere dall\u2019istituzione europea in cui poi il neo-assunto andr\u00e0 a lavorare.<\/p>\n<p>EPSO bandisce regolarmente dei concorsi,\u00a0 normalmente a cadenza annuale.<\/p>\n<p>Il processo di selezione si articola in 2 fasi:<br \/>\n\u2013\u00a0un test pre-selettivo, basato su quesiti di ragionamento logico-matematico;<br \/>\n\u2013\u00a0una giornata di assessment centre, nel corso del quale si valutano le capacit\u00e0 relazionali e argomentative del candidato;<br \/>\nAl termine della selezione, i candidati vincitori vengono inseriti in una \u201clista di riserva\u201d, da cui le istituzioni possono attingere per riempire dei posti vacanti nel proprio organico.<\/p>\n<p>Attenzione: diversamente dai concorsi pubblici italiani il concorso europeo non assicura l\u2019assunzione, ma attribuisce solo un\u2019idoneit\u00e0. Le liste di riserva hanno una scadenza (normalmente un anno), oltre la quale i candidati inseriti nella lista non possono pi\u00f9 essere assunti.<\/p>\n<p>Una volta iscritto in una lista di riserva, il candidato deve dunque farsi parte attiva, prendendo contatto con gli uffici della Commissione o delle altre istituzioni e proponendo il proprio CV.<\/p>\n<p>Si consiglia di prendere contatto con la Rappresentanza Permanente (<a href=\"mailto:pers.ue@rpue.esteri.it\">pers.ue@rpue.esteri.it<\/a>) per ottenere utili suggerimenti su come procedere una volta iscritti in una lista di riserva.<\/p>\n<p><strong>Altre informazioni utili<\/strong><\/p>\n<p>Le persone interessate dovrebbero visitare regolarmente\u00a0<a href=\"https:\/\/epso.europa.eu\/it\/eu-careers\/why-an-eu-career\">la pagina internet di EPSO<\/a>\u00a0per controllare l\u2019indizione di nuovi bandi.<\/p>\n<p><strong><br \/>\nTirocini<\/strong><\/p>\n<p>Oltre ad offrire posizioni a tempo indeterminato, numerose istituzioni offrono ai giovani laureate la possibilit\u00e0 di svolgere brevi tirocini professionalizzanti, normalmente della durata di 6 mesi.<\/p>\n<p>Le istituzioni non retribuiscono i tirocinanti, ma offrono un rimborso per le spese di vitto ed alloggio.\u00a0 I tirocini inoltre non garantiscono in alcun modo il passaggio nei ruoli del personale UE, anche se possono offrire un\u2019importante occasione per conoscere dall\u2019interno i meccanismi di lavoro delle istituzioni.<br \/>\nE\u2019 possibile trovare maggiori informazioni visitando i siti delle istituzioni elencate in basso.<\/p>\n<p><strong><br \/>\nTirocini presso la Commissione Europea<\/strong><\/p>\n<p>La Commissione Europea gestisce un programma di tirocini di 6 mesi rivolto a giovani laureati, comunemente conosciuto come \u201c<a href=\"https:\/\/traineeships.ec.europa.eu\/index_en\">blue book stage<\/a>\u201d, che inizia a Marzo ed Ottobre di ciascun anno.<br \/>\nLa procedura di selezione \u00e8 aperta a tutti i cittadini europei e discretamente competitiva; i candidati selezionati possono avere accesso ad un elevato numero di posizioni presso tutte le Direzioni Generale della Commissione.<\/p>\n<p><strong><br \/>\nTirocini presso il Parlamento Europeo<\/strong><\/p>\n<p>Il Parlamento Europeo offre numerosi tirocini rivolti a giovani laureati o studenti che stanno completando l\u2019universit\u00e0. Maggiori informazioni sono disponibili\u00a0<a href=\"https:\/\/www.europarl.europa.eu\/at-your-service\/it\/work-with-us\/traineeships\">seguendo questo link<\/a>.<\/p>\n<p>Accanto a questi tirocini presso le strutture del Parlamento, vi sono anche numerose opportunit\u00e0 presso gli uffici di diretta collaborazione dei Membri del Parlamento e presso i gruppi politici.\u00a0 I parlamentari europei spesso assumono nuovi tirocinanti a settembre, all\u2019inizio della sessione di lavoro del parlamento.<br \/>\nE\u2019 possible scorrere la lista di tutti i parlamentari europei, distinti per paese e gruppo politico, a\u00a0<a href=\"http:\/\/www.europarl.europa.eu\/meps\/it\/search.html\">questo indirizzo<\/a>.<\/p>\n<p><strong>Altre opportunit\u00e0 sono offerte dalle seguenti Istituzioni<\/strong>:<\/p>\n<ul>\n<li dir=\"ltr\">Tirocini presso il\u00a0<a title=\"http:\/\/www.consilium.europa.eu\/contacts\/traineeships-office\/traineeships?lang=it\" href=\"http:\/\/www.consilium.europa.eu\/it\/general-secretariat\/jobs\/traineeships\/\">Consiglio dell\u2019Unione Europea<\/a><\/li>\n<li dir=\"ltr\">Tirocini presso la\u00a0<a title=\"http:\/\/curia.europa.eu\/fr\/instit\/presentationfr\/index_emplois_stag.htm\" href=\"https:\/\/curia.europa.eu\/jcms\/jcms\/Jo2_7008\/it\/\">Corte di Giustizia<\/a><\/li>\n<li dir=\"ltr\">Tirocini presso il\u00a0<a title=\"http:\/\/www.eesc.europa.eu\/organisation\/tgj\/trainees\/index_en.asp\" href=\"http:\/\/www.eesc.europa.eu\/it\/node\/40953\">Comitato Europeo economico e sociale<\/a><\/li>\n<\/ul>\n<p><strong><br \/>\nOpportunit\u00e0 per i funzionari pubblici<\/strong><\/p>\n<p>Se sei un funzionario di una pubblica amministrazione, puoi arricchire il tuo profilo professionale con un\u2019esperienza di lavoro presso le istituzioni europee. A seconda dei tuoi progetti e delle esigenze della tua Amministrazione, puoi accedere a varie forme di distacco: Esperto Nazionale Distaccato (da 1 a 4 anni), oppure Esperto Nazionale in Formazione (max. 5 mesi).<br \/>\nPuoi trovare maggiori informazioni alla pagina \u201c<a title=\"Vai alla pagina Opportunit\u00e0 per funzionari pubblici\" href=\"https:\/\/www.esteri.it\/it\/servizi-opportunita\/opportunita\/nella_ue\/opportunita_per_dipendenti_pubblici\/\">Opportunit\u00e0 per dipendenti pubblici<\/a>\u201d del sito del Ministero degli Affari Esteri e della Cooperazione Internazionale.<\/p>\n<p><strong><br \/>\nL\u2019 Unit\u00e0 \u201cPresenza Italiana nelle istituzioni UE\u201d della RP d\u2019Italia<\/strong><\/p>\n<p>Presso la Rappresentanza Permanente d\u2019Italia esiste un\u2019unit\u00e0 dedicata a fornire informazioni ai cittadini italiani che intendono lavorare o gi\u00e0 lavorano presso le Istituzioni Europee.<br \/>\nEcco i nostri contatti:\u00a0<a href=\"mailto:rpue.pers.ue@esteri.it\">rpue.pers.ue@esteri.it<\/a><\/p>\n<\/div>\n","protected":false},"excerpt":{"rendered":"AVVISO PER I CANDIDATI ITALIANI VINCITORI DI CONCORSI EPSO I candidati di nazionalit\u00e0 italiana vincitori di concorsi EPSO ed inseriti in liste di riserva EPSO ancora valide, se interessati a mettersi in contatto con la Rappresentanza Permanente d\u2019Italia presso l\u2019Unione Europea, potranno scrivere all\u2019indirizzo di posta elettronica rpue.pers.ue@esteri.it fornendo i seguenti dati: \u2013 nome e [&hellip;]","protected":false},"author":2,"featured_media":0,"parent":0,"menu_order":4,"comment_status":"closed","ping_status":"closed","template":"","meta":{"footnotes":""},"class_list":["post-14","page","type-page","status-publish","hentry"],"_links":{"self":[{"href":"https:\/\/italiaue.esteri.it\/it\/wp-json\/wp\/v2\/pages\/14","targetHints":{"allow":["GET"]}}],"collection":[{"href":"https:\/\/italiaue.esteri.it\/it\/wp-json\/wp\/v2\/pages"}],"about":[{"href":"https:\/\/italiaue.esteri.it\/it\/wp-json\/wp\/v2\/types\/page"}],"author":[{"embeddable":true,"href":"https:\/\/italiaue.esteri.it\/it\/wp-json\/wp\/v2\/users\/2"}],"replies":[{"embeddable":true,"href":"https:\/\/italiaue.esteri.it\/it\/wp-json\/wp\/v2\/comments?post=14"}],"version-history":[{"count":2,"href":"https:\/\/italiaue.esteri.it\/it\/wp-json\/wp\/v2\/pages\/14\/revisions"}],"predecessor-version":[{"id":6506,"href":"https:\/\/italiaue.esteri.it\/it\/wp-json\/wp\/v2\/pages\/14\/revisions\/6506"}],"wp:attachment":[{"href":"https:\/\/italiaue.esteri.it\/it\/wp-json\/wp\/v2\/media?parent=14"}],"curies":[{"name":"wp","href":"https:\/\/api.w.org\/{rel}","templated":true}]}}