{"id":1141,"date":"2023-04-14T12:28:48","date_gmt":"2023-04-14T10:28:48","guid":{"rendered":"https:\/\/italiaue.esteri.it\/?page_id=1141"},"modified":"2023-04-14T12:28:48","modified_gmt":"2023-04-14T10:28:48","slug":"aiuti-umanitari-e-protezione-civile","status":"publish","type":"page","link":"https:\/\/italiaue.esteri.it\/it\/litalia-e-lue\/cosa-facciamo\/la-cooperazione-allo-sviluppo\/quadro-finanziario-pluriannuale-2021-2027\/aiuti-umanitari-e-protezione-civile\/","title":{"rendered":"Aiuti umanitari e Protezione civile"},"content":{"rendered":"<p><strong>I valori umanitari europei in azione<\/strong><\/p>\n<p>L\u2019Unione europea presta assistenza ai paesi e alle popolazioni, sia in Europa che all\u2019estero, in caso di catastrofi gravi o di emergenze umanitarie.<\/p>\n<p>Insieme, i paesi dell\u2019UE sono il <strong>maggiore donatore mondiale di aiuti umanitari<\/strong>, fornendo ogni anno assistenza a milioni di persone in tutto il mondo. Gli aiuti ammontano all\u20191% del bilancio totale annuale dell\u2019UE, pari approssimativamente a 4 euro per cittadino europeo.<\/p>\n<p>L\u2019azione dell\u2019UE \u00e8 guidata dai principi di umanit\u00e0, neutralit\u00e0, imparzialit\u00e0 e indipendenza. Gli aiuti vengono distribuiti tramite pi\u00f9 di 200 organizzazioni e agenzie partner internazionali e locali, con il supporto di migliaia di volontari europei.<\/p>\n<p>Tutti i cittadini europei o coloro che soggiornano per un lungo periodo in uno Stato membro dell\u2019UE possono partecipare a un programma di volontariato europeo per l\u2019aiuto umanitario.<\/p>\n<p>Attraverso il <strong>meccanismo di protezione civile dell\u2019Unione<\/strong>, l\u2019UE, insieme ad alcuni paesi europei tra cui l\u2019Italia, svolge un ruolo fondamentale nel coordinamento delle risposte alle crisi in Europa e nel mondo. Le emergenze concrete e potenziali sono monitorate costantemente e i paesi partecipanti cooperano anche sulla valutazione dei rischi, la preparazione e la pianificazione della prevenzione delle catastrofi.<\/p>\n<p>Il soccorso di emergenza pu\u00f2 essere fornito sotto forma di generi alimentari, alloggi o attrezzature, squadre appositamente attrezzate o attivit\u00e0 di valutazione e coordinamento condotte da esperti inviati sul campo. Le squadre di soccorso, gli esperti e le attrezzature dei paesi partecipanti sono tenute a disposizione, in modo che l\u2019UE possa fornire risposte rapide in tutto il mondo.<\/p>\n<p>Per maggiori informazioni visita<\/p>\n<p><a href=\"https:\/\/european-union.europa.eu\/priorities-and-actions\/actions-topic\/humanitarian-aid-and-civil-protection_it\">https:\/\/european-union.europa.eu\/priorities-and-actions\/actions-topic\/humanitarian-aid-and-civil-protection_it<\/a><\/p>\n","protected":false},"excerpt":{"rendered":"I valori umanitari europei in azione L\u2019Unione europea presta assistenza ai paesi e alle popolazioni, sia in Europa che all\u2019estero, in caso di catastrofi gravi o di emergenze umanitarie. Insieme, i paesi dell\u2019UE sono il maggiore donatore mondiale di aiuti umanitari, fornendo ogni anno assistenza a milioni di persone in tutto il mondo. Gli aiuti [&hellip;]","protected":false},"author":5,"featured_media":0,"parent":1131,"menu_order":0,"comment_status":"closed","ping_status":"closed","template":"","meta":{"footnotes":""},"class_list":["post-1141","page","type-page","status-publish","hentry"],"_links":{"self":[{"href":"https:\/\/italiaue.esteri.it\/it\/wp-json\/wp\/v2\/pages\/1141","targetHints":{"allow":["GET"]}}],"collection":[{"href":"https:\/\/italiaue.esteri.it\/it\/wp-json\/wp\/v2\/pages"}],"about":[{"href":"https:\/\/italiaue.esteri.it\/it\/wp-json\/wp\/v2\/types\/page"}],"author":[{"embeddable":true,"href":"https:\/\/italiaue.esteri.it\/it\/wp-json\/wp\/v2\/users\/5"}],"replies":[{"embeddable":true,"href":"https:\/\/italiaue.esteri.it\/it\/wp-json\/wp\/v2\/comments?post=1141"}],"version-history":[{"count":0,"href":"https:\/\/italiaue.esteri.it\/it\/wp-json\/wp\/v2\/pages\/1141\/revisions"}],"up":[{"embeddable":true,"href":"https:\/\/italiaue.esteri.it\/it\/wp-json\/wp\/v2\/pages\/1131"}],"wp:attachment":[{"href":"https:\/\/italiaue.esteri.it\/it\/wp-json\/wp\/v2\/media?parent=1141"}],"curies":[{"name":"wp","href":"https:\/\/api.w.org\/{rel}","templated":true}]}}