{"id":1133,"date":"2023-04-14T12:22:07","date_gmt":"2023-04-14T10:22:07","guid":{"rendered":"https:\/\/italiaue.esteri.it\/?page_id=1133"},"modified":"2023-04-14T12:22:07","modified_gmt":"2023-04-14T10:22:07","slug":"ndici","status":"publish","type":"page","link":"https:\/\/italiaue.esteri.it\/it\/litalia-e-lue\/cosa-facciamo\/la-cooperazione-allo-sviluppo\/quadro-finanziario-pluriannuale-2021-2027\/ndici\/","title":{"rendered":"Global Europe: Neighbourhood, Development and International Cooperation Instrument (NDICI)"},"content":{"rendered":"<p>Al finanziamento delle attivit\u00e0 di azione esterna di cooperazione allo sviluppo \u00e8 dedicato lo strumento finanziario denominato Global Europe. Lo strumento, entrato in vigore il 14 giugno 2021, \u00e8 dotato di risorse per un totale di 79,5 miliardi di euro per sette anni (2021-2027).<\/p>\n<p>Global Europe concentra le proprie attivit\u00e0 in quattro grandi settori:<\/p>\n<ul>\n<li>aree geografiche: paesi del vicinato (alla frontiera dell\u2019Unione Europea), paesi dell\u2019Africa Subsahariana, paesi di Asia e Pacifico, paesi di America e Caraibi);<\/li>\n<li>aree tematiche, per il finanziamento di questioni di natura globale e\/o politica (diritti umani, democrazia, pace e stabilit\u00e0);<\/li>\n<li>la \u201crisposta rapida\u201d, per la gestione delle crisi e prevenzione dei conflitti;<\/li>\n<li>le priorit\u00e0 e le sfide emergenti\u201d, una riserva di risorse non pre-allocate da dedicare ad eventi imprevisti.<\/li>\n<\/ul>\n<p>Global Europe \u00e8 rivolto in particolare ai paesi che affrontano le sfide dello sviluppo a lungo termine, con il fine di contribuire al raggiungimento degli impegni e degli obiettivi internazionali concordati dall&#8217;Unione, in particolare l&#8217;Agenda 2030 e i suoi obiettivi di sviluppo sostenibile e l&#8217;accordo di Parigi.<\/p>\n<p>Per maggiori informazioni visita il seguente link:<\/p>\n<p><a href=\"https:\/\/neighbourhood-enlargement.ec.europa.eu\/funding-and-technical-assistance\/neighbourhood-development-and-international-cooperation-instrument-global-europe-ndici-global-europe_en\">https:\/\/neighbourhood-enlargement.ec.europa.eu\/funding-and-technical-assistance\/neighbourhood-development-and-international-cooperation-instrument-global-europe-ndici-global-europe_en<\/a><\/p>\n","protected":false},"excerpt":{"rendered":"Al finanziamento delle attivit\u00e0 di azione esterna di cooperazione allo sviluppo \u00e8 dedicato lo strumento finanziario denominato Global Europe. Lo strumento, entrato in vigore il 14 giugno 2021, \u00e8 dotato di risorse per un totale di 79,5 miliardi di euro per sette anni (2021-2027). Global Europe concentra le proprie attivit\u00e0 in quattro grandi settori: aree [&hellip;]","protected":false},"author":5,"featured_media":0,"parent":1131,"menu_order":0,"comment_status":"closed","ping_status":"closed","template":"","meta":{"footnotes":""},"class_list":["post-1133","page","type-page","status-publish","hentry"],"_links":{"self":[{"href":"https:\/\/italiaue.esteri.it\/it\/wp-json\/wp\/v2\/pages\/1133","targetHints":{"allow":["GET"]}}],"collection":[{"href":"https:\/\/italiaue.esteri.it\/it\/wp-json\/wp\/v2\/pages"}],"about":[{"href":"https:\/\/italiaue.esteri.it\/it\/wp-json\/wp\/v2\/types\/page"}],"author":[{"embeddable":true,"href":"https:\/\/italiaue.esteri.it\/it\/wp-json\/wp\/v2\/users\/5"}],"replies":[{"embeddable":true,"href":"https:\/\/italiaue.esteri.it\/it\/wp-json\/wp\/v2\/comments?post=1133"}],"version-history":[{"count":0,"href":"https:\/\/italiaue.esteri.it\/it\/wp-json\/wp\/v2\/pages\/1133\/revisions"}],"up":[{"embeddable":true,"href":"https:\/\/italiaue.esteri.it\/it\/wp-json\/wp\/v2\/pages\/1131"}],"wp:attachment":[{"href":"https:\/\/italiaue.esteri.it\/it\/wp-json\/wp\/v2\/media?parent=1133"}],"curies":[{"name":"wp","href":"https:\/\/api.w.org\/{rel}","templated":true}]}}