{"id":562,"date":"2023-01-10T12:00:59","date_gmt":"2023-01-10T11:00:59","guid":{"rendered":"https:\/\/italiaue.esteri.it\/?page_id=562"},"modified":"2023-03-23T17:51:07","modified_gmt":"2023-03-23T16:51:07","slug":"les-institutions-europeennes","status":"publish","type":"page","link":"https:\/\/italiaue.esteri.it\/fr\/litalia-e-lue\/les-institutions-europeennes\/","title":{"rendered":"Les institutions europ\u00e9ennes"},"content":{"rendered":"<p><strong>LA COMMISSION EUROP\u00c9ENNE<\/strong><\/p>\n<p><img loading=\"lazy\" decoding=\"async\" class=\"alignnone size-medium wp-image-654 img-fluid\" src=\"https:\/\/italiaue.esteri.it\/wp-content\/uploads\/2023\/03\/cion21-2-300x200.jpg\" alt=\"cion21\" width=\"300\" height=\"200\" srcset=\"https:\/\/italiaue.esteri.it\/wp-content\/uploads\/2023\/03\/cion21-2-300x200.jpg 300w, https:\/\/italiaue.esteri.it\/wp-content\/uploads\/2023\/03\/cion21-2.jpg 736w\" sizes=\"auto, (max-width: 300px) 100vw, 300px\" \/><\/p>\n<p>La Commission est l&#8217;organe ex\u00e9cutif de l&#8217;Union europ\u00e9enne et repr\u00e9sente les int\u00e9r\u00eats de l&#8217;Union dans son ensemble. Son si\u00e8ge est \u00e0 Bruxelles, avec quelques d\u00e9partements au Luxembourg.<\/p>\n<p>La Commission dispose de repr\u00e9sentations dans tous les \u00c9tats membres de l&#8217;UE et de 139 d\u00e9l\u00e9gations dans le monde entier. Ses principales fonctions sont les suivantes :<br \/>\n1. faire des propositions l\u00e9gislatives, qui sont ensuite adopt\u00e9es par les organes europ\u00e9ens de &#8220;co-l\u00e9gislation&#8221;, c&#8217;est-\u00e0-dire le Parlement europ\u00e9en et le Conseil des ministres<br \/>\n2. appliquer le droit europ\u00e9en (si n\u00e9cessaire avec l&#8217;aide de la Cour de justice de l&#8217;UE)<br \/>\n3. fixer les objectifs et les priorit\u00e9s de l&#8217;action de l&#8217;UE par le biais du programme de travail annuel de la Commission et \u0153uvrer \u00e0 leur r\u00e9alisation<br \/>\n4. g\u00e9rer et mettre en \u0153uvre les politiques et le budget de l&#8217;UE<br \/>\n5. repr\u00e9senter l&#8217;Union en dehors de l&#8217;Europe<\/p>\n<p>Pour plus d&#8217;informations, veuillez consulter:<a href=\"http:\/\/ec.europa.eu\"> http:\/\/ec.europa.eu<\/a><\/p>\n<hr \/>\n<p><strong>LE CONSEIL EUROP\u00c9EN<\/strong><\/p>\n<p><img loading=\"lazy\" decoding=\"async\" class=\"alignnone size-medium wp-image-657 img-fluid\" src=\"https:\/\/italiaue.esteri.it\/wp-content\/uploads\/2023\/03\/eb_x_sito-300x200.jpg\" alt=\"eb_x_sito\" width=\"300\" height=\"200\" srcset=\"https:\/\/italiaue.esteri.it\/wp-content\/uploads\/2023\/03\/eb_x_sito-300x200.jpg 300w, https:\/\/italiaue.esteri.it\/wp-content\/uploads\/2023\/03\/eb_x_sito-768x512.jpg 768w, https:\/\/italiaue.esteri.it\/wp-content\/uploads\/2023\/03\/eb_x_sito.jpg 800w\" sizes=\"auto, (max-width: 300px) 100vw, 300px\" \/><\/p>\n<p>Le Conseil europ\u00e9en d\u00e9finit les priorit\u00e9s et les orientations politiques g\u00e9n\u00e9rales de l&#8217;Union europ\u00e9enne. Il est compos\u00e9 des chefs d&#8217;\u00c9tat ou de gouvernement des \u00c9tats membres de l&#8217;UE, de son pr\u00e9sident et du pr\u00e9sident de la Commission europ\u00e9enne.<br \/>\nIl ne fait pas partie de la l\u00e9gislature de l&#8217;Union et ne n\u00e9gocie donc pas et n&#8217;adopte pas de l\u00e9gislation.<br \/>\nAu lieu de cela, il fixe l&#8217;agenda politique de l&#8217;Union, g\u00e9n\u00e9ralement en adoptant des &#8220;conclusions&#8221; identifiant les questions probl\u00e9matiques et les mesures \u00e0 prendre.<\/p>\n<p>Pour plus d&#8217;informations, consultez le site :<a href=\"http:\/\/www.consilium.europa.eu\/\"> http:\/\/www.consilium.europa.eu\/<\/a><\/p>\n<hr \/>\n<p><strong>LE PARLEMENT EUROP\u00c9EN<\/strong><\/p>\n<p><img loading=\"lazy\" decoding=\"async\" class=\"img-fluid alignnone wp-image-653 size-full\" src=\"https:\/\/italiaue.esteri.it\/wp-content\/uploads\/2023\/03\/pe21.jpg\" alt=\"parlamento\" width=\"536\" height=\"382\" srcset=\"https:\/\/italiaue.esteri.it\/wp-content\/uploads\/2023\/03\/pe21.jpg 536w, https:\/\/italiaue.esteri.it\/wp-content\/uploads\/2023\/03\/pe21-300x214.jpg 300w\" sizes=\"auto, (max-width: 536px) 100vw, 536px\" \/><\/p>\n<p>Le Parlement europ\u00e9en (PE) agit en tant que co-l\u00e9gislateur et dispose, avec le Conseil, du pouvoir d&#8217;adopter et d&#8217;amender les propositions l\u00e9gislatives et de d\u00e9cider du budget de l&#8217;UE. Il supervise \u00e9galement les travaux de la Commission et des autres organes de l&#8217;UE et coop\u00e8re avec les parlements nationaux des \u00c9tats membres, qui apportent leur contribution. Les d\u00e9put\u00e9s europ\u00e9ens sont directement choisis par les \u00e9lecteurs de tous les \u00c9tats membres pour repr\u00e9senter les int\u00e9r\u00eats des citoyens dans le processus l\u00e9gislatif europ\u00e9en et pour assurer le fonctionnement d\u00e9mocratique des autres institutions de l&#8217;UE.<\/p>\n<p>Pour plus d&#8217;informations, veuillez consulter :<a href=\"http:\/\/www.europarl.europa.eu\/\"> http:\/\/www.europarl.europa.eu\/<\/a><\/p>\n<hr \/>\n<p><strong>LE COMIT\u00c9 \u00c9CONOMIQUE ET SOCIAL<\/strong><\/p>\n<p><img loading=\"lazy\" decoding=\"async\" class=\"img-fluid alignnone wp-image-658 size-full\" src=\"https:\/\/italiaue.esteri.it\/wp-content\/uploads\/2023\/03\/ecosoc1.jpg\" alt=\"ecosoc1\" width=\"653\" height=\"495\" srcset=\"https:\/\/italiaue.esteri.it\/wp-content\/uploads\/2023\/03\/ecosoc1.jpg 653w, https:\/\/italiaue.esteri.it\/wp-content\/uploads\/2023\/03\/ecosoc1-300x227.jpg 300w\" sizes=\"auto, (max-width: 653px) 100vw, 653px\" \/><\/p>\n<p>Le Comit\u00e9 \u00e9conomique et social europ\u00e9en (CESE) est un organe consultatif de l&#8217;Union europ\u00e9enne. Cr\u00e9\u00e9e en 1957, elle fournit des conseils d&#8217;experts aux principales institutions de l&#8217;UE (Commission, Conseil et Parlement europ\u00e9en) en \u00e9mettant des avis sur les propositions de lois europ\u00e9ennes, et \u00e9met \u00e9galement des avis de propre initiative sur d&#8217;autres questions qu&#8217;elle juge dignes d&#8217;\u00eatre examin\u00e9es.<br \/>\nqui m\u00e9ritent d&#8217;\u00eatre pris en consid\u00e9ration. Le Comit\u00e9 promeut la d\u00e9mocratie participative dans l&#8217;UE et contribue \u00e0 renforcer le r\u00f4le des organisations repr\u00e9sentatives de la soci\u00e9t\u00e9 civile en \u00e9tablissant un dialogue structur\u00e9 avec ces organisations dans les \u00c9tats membres de l&#8217;UE et ailleurs dans le monde.<\/p>\n<p>Pour plus d&#8217;informations, veuillez consulter : <a href=\"http:\/\/www.eesc.europa.eu\">http:\/\/www.eesc.europa.eu<\/a><\/p>\n<p>&nbsp;<\/p>\n<hr \/>\n<p><strong>LE COMIT\u00c9 DES R\u00c9GIONS<\/strong><\/p>\n<p><img loading=\"lazy\" decoding=\"async\" class=\"img-fluid alignnone wp-image-655 size-full\" src=\"https:\/\/italiaue.esteri.it\/wp-content\/uploads\/2023\/03\/cor1.jpg\" alt=\"cor1\" width=\"716\" height=\"250\" srcset=\"https:\/\/italiaue.esteri.it\/wp-content\/uploads\/2023\/03\/cor1.jpg 716w, https:\/\/italiaue.esteri.it\/wp-content\/uploads\/2023\/03\/cor1-300x105.jpg 300w\" sizes=\"auto, (max-width: 716px) 100vw, 716px\" \/><\/p>\n<p>Le Comit\u00e9 des r\u00e9gions (CdR) est un organe consultatif de l&#8217;UE compos\u00e9 de repr\u00e9sentants \u00e9lus au niveau local et r\u00e9gional dans les 28 \u00c9tats membres. Le CdR donne aux villes et aux r\u00e9gions un droit de parole formel dans le processus l\u00e9gislatif de l&#8217;UE afin de garantir que les points de vue et les besoins des collectivit\u00e9s locales et r\u00e9gionales soient respect\u00e9s.<\/p>\n<p>Pour plus d&#8217;informations, veuillez consulter :\u00a0 <a href=\"http:\/\/cor.europa.eu\/it\/Pages\/home.aspx\">http:\/\/cor.europa.eu\/<\/a><\/p>\n<hr \/>\n<p><strong>COUR DE JUSTICE DE L&#8217;UNION EUROP\u00c9ENNE<br \/>\n<\/strong><\/p>\n<p><img loading=\"lazy\" decoding=\"async\" class=\"img-fluid alignnone wp-image-656 size-full\" src=\"https:\/\/italiaue.esteri.it\/wp-content\/uploads\/2023\/03\/corte_giustizia.jpg\" alt=\"corte_giustizia\" width=\"448\" height=\"299\" srcset=\"https:\/\/italiaue.esteri.it\/wp-content\/uploads\/2023\/03\/corte_giustizia.jpg 448w, https:\/\/italiaue.esteri.it\/wp-content\/uploads\/2023\/03\/corte_giustizia-300x200.jpg 300w\" sizes=\"auto, (max-width: 448px) 100vw, 448px\" \/><\/p>\n<p>La Cour de justice de l&#8217;Union europ\u00e9enne, dont le si\u00e8ge est \u00e0 Luxembourg, veille \u00e0 ce que le droit communautaire soit interpr\u00e9t\u00e9 et appliqu\u00e9 de la m\u00eame mani\u00e8re dans tous les pays europ\u00e9ens et \u00e0 ce que les pays et les institutions de l&#8217;UE respectent le droit communautaire. Elle statue \u00e9galement sur les diff\u00e9rends juridiques entre les gouvernements nationaux et les institutions europ\u00e9ennes. Elle peut \u00e9galement \u00eatre saisie, dans certaines circonstances, par des citoyens, des entreprises ou des organisations pour engager une action en justice contre une institution de l&#8217;UE s&#8217;ils estiment qu&#8217;elle a viol\u00e9 leurs droits d&#8217;une mani\u00e8re ou d&#8217;une autre.<\/p>\n<p>Pour plus d&#8217;informations, veuillez consulter :\u00a0<a href=\"http:\/\/curia.europa.eu\/\">http:\/\/curia.europa.eu\/<\/a><\/p>\n<p>&nbsp;<\/p>\n","protected":false},"excerpt":{"rendered":"LA COMMISSION EUROP\u00c9ENNE La Commission est l&#8217;organe ex\u00e9cutif de l&#8217;Union europ\u00e9enne et repr\u00e9sente les int\u00e9r\u00eats de l&#8217;Union dans son ensemble. Son si\u00e8ge est \u00e0 Bruxelles, avec quelques d\u00e9partements au Luxembourg. La Commission dispose de repr\u00e9sentations dans tous les \u00c9tats membres de l&#8217;UE et de 139 d\u00e9l\u00e9gations dans le monde entier. Ses principales fonctions sont les [&hellip;]","protected":false},"author":5,"featured_media":0,"parent":23,"menu_order":2,"comment_status":"closed","ping_status":"closed","template":"","meta":{"footnotes":""},"class_list":["post-562","page","type-page","status-publish","hentry"],"_links":{"self":[{"href":"https:\/\/italiaue.esteri.it\/fr\/wp-json\/wp\/v2\/pages\/562","targetHints":{"allow":["GET"]}}],"collection":[{"href":"https:\/\/italiaue.esteri.it\/fr\/wp-json\/wp\/v2\/pages"}],"about":[{"href":"https:\/\/italiaue.esteri.it\/fr\/wp-json\/wp\/v2\/types\/page"}],"author":[{"embeddable":true,"href":"https:\/\/italiaue.esteri.it\/fr\/wp-json\/wp\/v2\/users\/5"}],"replies":[{"embeddable":true,"href":"https:\/\/italiaue.esteri.it\/fr\/wp-json\/wp\/v2\/comments?post=562"}],"version-history":[{"count":0,"href":"https:\/\/italiaue.esteri.it\/fr\/wp-json\/wp\/v2\/pages\/562\/revisions"}],"up":[{"embeddable":true,"href":"https:\/\/italiaue.esteri.it\/fr\/wp-json\/wp\/v2\/pages\/23"}],"wp:attachment":[{"href":"https:\/\/italiaue.esteri.it\/fr\/wp-json\/wp\/v2\/media?parent=562"}],"curies":[{"name":"wp","href":"https:\/\/api.w.org\/{rel}","templated":true}]}}