{"id":420,"date":"2023-01-10T11:54:25","date_gmt":"2023-01-10T10:54:25","guid":{"rendered":"https:\/\/italiaue.esteri.it\/?page_id=420"},"modified":"2026-03-30T16:41:13","modified_gmt":"2026-03-30T14:41:13","slug":"journalistes-italiens-a-bruxelles","status":"publish","type":"page","link":"https:\/\/italiaue.esteri.it\/fr\/news\/stampa\/journalistes-italiens-a-bruxelles\/","title":{"rendered":"Journalistes italiens \u00e0 Bruxelles"},"content":{"rendered":"<div><img loading=\"lazy\" decoding=\"async\" class=\"alignnone wp-image-1076 img-fluid\" src=\"https:\/\/italiaue.esteri.it\/wp-content\/uploads\/2023\/04\/giornalisti-siti.jpg\" alt=\"\" width=\"288\" height=\"192\" \/><\/div>\n<div class=\"sr-only\">En ordre alphabetique<\/div>\n<div>\n<p><strong>Agences de Presse<\/strong><\/p>\n<p>ADN KRONOS<br \/>\nTommaso GALLAVOTTI<br \/>\nTel. +0497 975510<br \/>\n<a href=\"mailto:tommaso.gallavotti@adnkronos.com\">tommaso.gallavotti@adnkronos.com<\/a><\/p>\n<p>AGENZIA NOVA<br \/>\nAlessia BALDUCCI<br \/>\n<a href=\"https:\/\/italiaue.esteri.it\/it\/news\/stampa\/giornalisti-italiani-a-bruxelles\/aalessiabalduccii@gmail.com\">aalessiabalduccii@gmail.com<\/a><br \/>\nTel.+39 3930687604<\/p>\n<p>AGI<br \/>\nSara DELLABELLA<br \/>\nTel.+39 3487838750<br \/>\n<a href=\"mailto:sara.dellabella@agi.it\">sara.dellabella@agi.it<\/a><\/p>\n<p>Simone MARTUSCIELLI<br \/>\nTel. +39 3890966640<br \/>\n<a href=\"mailto:martuscellisimone@gmail.com\">martuscellisimone@gmail.com<\/a><\/p>\n<p>Paolo TANI<br \/>\nTel. +39 3288693559<br \/>\n<a href=\"mailto:paolo.tani.6@gmail.com\">paolo.tani.6@gmail.com<\/a><\/p>\n<p>ALANEWS<br \/>\nFederica ONNIS<br \/>\nTel. +39 3455962424<br \/>\n<a href=\"mailto:onn.fede@gmail.com\">onn.fede@gmail.com<\/a><\/p>\n<p>ANSA<\/p>\n<p>Michele ESPOSITO<br \/>\nTel. +39 3487482611<br \/>\n<a href=\"mailto:michele.esposito@ansa.it\">michele.esposito@ansa.it<\/a><\/p>\n<p>Valentina BRINI<br \/>\nTel. 0492 084764<br \/>\n<a href=\"mailto:valentina.brini@ansa.it\">valentina.brini@ansa.it<\/a><\/p>\n<p>Sabina ROSSET<br \/>\nTel. 0472 210691<br \/>\n<a href=\"mailto:sabina.rosset@ansa.it\">sabina.rosset@ansa.it<\/a><\/p>\n<p>Fabiana LUCA<br \/>\nTel. +39 3332524577<br \/>\n<a href=\"fabianaa.luca@gmail.com\">fabianaa.luca@gmail.com<\/a><\/p>\n<p>Elena MOUSSANET<br \/>\nTel. +39 345 309 8172<br \/>\n<a href=\"mailto:elena.moussanet@libero.it\">elena.moussanet@libero.it<\/a><\/p>\n<p>ASKANEWS<br \/>\nLorenzo CONSOLI<br \/>\nTel. 0473 74.66.51<br \/>\n<a href=\"mailto:rconsoli@gmail.com\">rconsoli@gmail.com<\/a><\/p>\n<p>GEA<br \/>\nGiulia TORBIDONI<br \/>\nTel. +39 3404819360<br \/>\nTel. 0490 198328<br \/>\n<a href=\"mailto:torbidonigiulia@gmail.com\">torbidonigiulia@gmail.com<\/a><\/p>\n<p>IL SOLE 24 ORE RADIOCOR<br \/>\nAntonio POLLIO SALIMBENI<br \/>\nTel. 02 231 50 55<br \/>\n<a href=\"mailto:polliosalimbeni@yahoo.com\">polliosalimbeni@yahoo.com<\/a><\/p>\n<p>LAPRESSE<br \/>\nFabio FANTOZZI<br \/>\nTel. +39 3398942471<br \/>\n<a href=\"mailto:Fabio.fantozzi@lapresse.it\">Fabio.fantozzi@lapresse.it<\/a><\/p>\n<p>Martina COPPOLA<br \/>\nTel. +39 338 9869193<br \/>\n<a href=\"mailto:martina.coppola@lapresse.it\">martina.coppola@lapresse.it<\/a><\/p>\n<p>AFP<br \/>\nUmberto BACCHI<br \/>\nTel. +32 474701723<br \/>\n<a href=\"mailto:umberto.bacchi@afp.com\">umberto.bacchi@afp.com<\/a><\/p>\n<p>AISE \u2013 L\u2019IDENTITA\u2019<br \/>\nAlessandro BUTTIC\u00c9<br \/>\nTel. 0474 442611<br \/>\n<a href=\"buttial59@gmail.com\">buttial59@gmail.com<\/a><\/p>\n<p>&nbsp;<\/p>\n<p><strong>Quotidiens et hebdomadaires<\/strong><\/p>\n<p>AVVENIRE<\/p>\n<p>CORRIERE DELLA SERA<br \/>\nFrancesca BASSO<br \/>\n<a href=\"mailto:fbasso@corriere.it\">fbasso@corriere.it<\/a><\/p>\n<p>IL FOGLIO<br \/>\nDavid CARRETTA<br \/>\nTel. 0486 57.88.56<br \/>\n<a title=\"davidcarretta@yahoo.com\" href=\"mailto:davidcarretta@yahoo.com\">davidcarretta@yahoo.com<\/a><\/p>\n<p>IL MANIFESTO<br \/>\nAndrea VALDAMBRINI<br \/>\nTel. +39 349 5531271<br \/>\n<a href=\"mailto:andreavaldambrini@hotmail.com\">andreavaldambrini@hotmail.com<\/a><\/p>\n<p>IL MESSAGGERO<br \/>\nGabriele ROSANA<br \/>\nTel. 0483 555363<br \/>\n<a href=\"mailto:gabrielerosana@outlook.com\">gabrielerosana@outlook.com<\/a><\/p>\n<p>IL SOLE 24 ORE<br \/>\nBeda ROMANO<br \/>\nTel. 0499 48.40.80<br \/>\n<a title=\"beda.romano@ilsole24ore.com\" href=\"mailto:beda.romano@ilsole24ore.com\">beda.romano@ilsole24ore.com<\/a><\/p>\n<p>ITALYPOST<br \/>\nSimone MATTEIS<br \/>\n+39 3295716596<br \/>\n<a href=\"mailto:simone.matteis@italypost.it\">simone.matteis@italypost.it<\/a><\/p>\n<p>LA REPUBBLICA<br \/>\nClaudio TITO<br \/>\n<a href=\"mailto:c.tito@repubblica.it\">c.tito@repubblica.it<\/a><\/p>\n<p>LA STAMPA<br \/>\nMarco BRESOLIN<br \/>\nTel. 0492 506400<br \/>\n<a title=\"marco.zatterin@lastampa.it\" href=\"mailto:marco.bresolin@lastampa.it\">marco.bresolin@lastampa.it<\/a><\/p>\n<p><strong><br \/>\nAudiovisuel<\/strong><\/p>\n<p>EURONEWS<\/p>\n<p>Vincenzo GENOVESE<br \/>\nTel. +39 340 5971841<br \/>\n<a href=\"mailto:vincenzo.genovese@ext.euronews.com\">vincenzo.genovese@ext.euronews.com<\/a><\/p>\n<p>MEDIASET<br \/>\nLeonardo PANETTA<br \/>\nTel. +39 335 1900958<br \/>\n<a href=\"mailto:leonardo.panetta@mediaset.it\">leonardo.panetta@mediaset.it<\/a><\/p>\n<p>RAI<br \/>\nDonato BENDICENTI<br \/>\nResponsable du bureau<br \/>\nTel. 0472 958701<br \/>\n<a href=\"mailto:donato.bendicenti@rai.it\">donato.bendicenti@rai.it<\/a><\/p>\n<p>Maril\u00f9 LUCREZIO<br \/>\nTel. +39 338 5800115<br \/>\n<a href=\"mailto:marialuce.lucrezio@rai.it\">marialuce.lucrezio@rai.it<\/a><\/p>\n<p><a title=\"giovanna.pancheri@skytv.it\" href=\"mailto:giovanna.pancheri@skytv.it\"><br \/>\n<\/a><strong>Radio<\/strong><\/p>\n<p>RADIO POPOLARE<br \/>\nFederico Lorenzo BACCINI<br \/>\n<a href=\"federico.baccini94@gmail.com\">federico.baccini94@gmail.com<\/a><br \/>\nTel. +39 3463859962<\/p>\n<p>RADIO RADICALE<br \/>\nDavid CARRETTA<br \/>\nTel. 0486 57.88.56<br \/>\n<a title=\"davidcarretta@yahoo.com\" href=\"mailto:davidcarretta@yahoo.com\">davidcarretta@yahoo.com<\/a><\/p>\n<p>RADIOTELEVISONE SVIZZERA ITALIANA<br \/>\nAndrea OSTINELLI<br \/>\nTel. 0491 591 576<br \/>\n<a href=\"mailto:andrea.ostinelli@rsi.ch\">andrea.ostinelli@rsi.ch<\/a><\/p>\n<p>&nbsp;<\/p>\n<p><strong>Internet<\/strong><\/p>\n<p>EUNEWS.IT<br \/>\nLorenzo ROBUSTELLI<br \/>\nR\u00e9dacteur en chef<br \/>\n<a href=\"mailto:lrobustelli@eunews.it\">lrobustelli@eunews.it<\/a><\/p>\n<p>Emanuele BONINI<br \/>\n<a href=\"mailto:emanuele.bonini@gmail.com\">emanuele.bonini@gmail.com<\/a><\/p>\n<p>Giulia TORBIDONI<br \/>\nTel. +39 3404819360<br \/>\nTel. 0490 198328<br \/>\n<a href=\"mailto:torbidonigiulia@gmail.com\">torbidonigiulia@gmail.com<\/a><\/p>\n<p>Carlo FUMAGALLI<br \/>\nTel. +39 340 792 6028<br \/>\n<a href=\"mailto:carlo.fumagalli@eunews.it\">carlo.fumagalli@eunews.it<\/a><\/p>\n<p>EU PERSPECTIVES<br \/>\nFederica TESSARI<br \/>\nTel. +39 331 289 7610<br \/>\n<a href=\"mailto:federicatessari2@gmail.com\">federicatessari2@gmail.com<\/a><\/p>\n<p>EURACTIV<br \/>\nAngelo DI MAMBRO<br \/>\n<a href=\"mailto:angelo.dimambro@euractiv.com\">angelo.dimambro@euractiv.com<\/a><\/p>\n<p>Nicoletta IONTA<br \/>\nTel +39 338 19 59 558<br \/>\n<a href=\"mailto:nicoletta.ionta@euractiv.com\">nicoletta.ionta@euractiv.com<\/a><\/p>\n<p>HUFFINGTON POST<br \/>\nAngela MAURO<br \/>\n<a href=\"mailto:angela.mauro@huffpost.it\">angela.mauro@huffpost.it<\/a><\/p>\n<p>INVESTIGATE EUROPE &#8211; IL FATTO QUOTIDIANO<br \/>\nMaria MAGGIORE<br \/>\n<a href=\"mailto:maggiore@investigate-europe.eu\">maggiore@investigate-europe.eu<\/a><\/p>\n<p>POLITICO<br \/>\nGerardo FORTUNA<br \/>\ntel. +39 347 9104958<br \/>\n<a href=\"mailto:gfortuna@politico.eu\">gfortuna@politico.eu<\/a><\/p>\n<p>TOTALEU PRODUCTION<br \/>\nAlessio PISANO&#8217;<br \/>\nTel. 0488 882350<br \/>\n<a href=\"mailto:director@totaleu.eu\">director@totaleu.eu<\/a><\/p>\n<p>&nbsp;<\/p>\n<p>&nbsp;<\/p>\n<p><strong>Free lance<\/strong><\/p>\n<p>Ivano ABBADESSA<br \/>\n<a href=\"mailto:ivano.abbadessa@virgilio.it\">ivano.abbadessa@virgilio.it<\/a><\/p>\n<p>Gabriele NUNZIATI<br \/>\n<a href=\"gabriele.nunziati97@gmail.com\">gabriele.nunziati97@gmail.com<\/a><\/p>\n<p>Alma TORRETTA<br \/>\nTel. 0486 494133<br \/>\n<a href=\"mailto:alma.torretta@gmail.com\">alma.torretta@gmail.com<\/a><\/p>\n<p>&nbsp;<\/p>\n<p>&nbsp;<\/p>\n<p>Note: Cette liste est compil\u00e9e sur la base des informations actuellement disponibles, afin d&#8217;assurer un lien efficace avec la communaut\u00e9 des journalistes italiens \u00e0 Bruxelles. Dans le cas de nouveaux arriv\u00e9es, de transferts, de changements d&#8217;adresse \/ d&#8217;affectation les journalistes int\u00e9ress\u00e9s peuvent envoyer un message \u00e0 la Repr\u00e9sentation \u00e0 l&#8217;adresse suivante:\u00a0<a href=\"mailto:rpue.stampa@esteri.it\">rpue.stampa@esteri.it<\/a><\/p>\n<p>Les informations figurant sur cette page sont publi\u00e9es ares avoir obtenu le consentement des personnes concern\u00e9es, conform\u00e9ment au GDPR EU 2016\/679.<\/p>\n<p>cr\u00e9dits photo : &#8220;Conseil de l&#8217;Union europ\u00e9enne&#8221;<\/p>\n<\/div>\n","protected":false},"excerpt":{"rendered":"En ordre alphabetique Agences de Presse ADN KRONOS Tommaso GALLAVOTTI Tel. +0497 975510 tommaso.gallavotti@adnkronos.com AGENZIA NOVA Alessia BALDUCCI aalessiabalduccii@gmail.com Tel.+39 3930687604 AGI Sara DELLABELLA Tel.+39 3487838750 sara.dellabella@agi.it Simone MARTUSCIELLI Tel. +39 3890966640 martuscellisimone@gmail.com Paolo TANI Tel. +39 3288693559 paolo.tani.6@gmail.com ALANEWS Federica ONNIS Tel. +39 3455962424 onn.fede@gmail.com ANSA Michele ESPOSITO Tel. +39 3487482611 michele.esposito@ansa.it Valentina BRINI [&hellip;]","protected":false},"author":5,"featured_media":0,"parent":151,"menu_order":0,"comment_status":"closed","ping_status":"closed","template":"","meta":{"footnotes":""},"class_list":["post-420","page","type-page","status-publish","hentry"],"_links":{"self":[{"href":"https:\/\/italiaue.esteri.it\/fr\/wp-json\/wp\/v2\/pages\/420","targetHints":{"allow":["GET"]}}],"collection":[{"href":"https:\/\/italiaue.esteri.it\/fr\/wp-json\/wp\/v2\/pages"}],"about":[{"href":"https:\/\/italiaue.esteri.it\/fr\/wp-json\/wp\/v2\/types\/page"}],"author":[{"embeddable":true,"href":"https:\/\/italiaue.esteri.it\/fr\/wp-json\/wp\/v2\/users\/5"}],"replies":[{"embeddable":true,"href":"https:\/\/italiaue.esteri.it\/fr\/wp-json\/wp\/v2\/comments?post=420"}],"version-history":[{"count":6,"href":"https:\/\/italiaue.esteri.it\/fr\/wp-json\/wp\/v2\/pages\/420\/revisions"}],"predecessor-version":[{"id":6842,"href":"https:\/\/italiaue.esteri.it\/fr\/wp-json\/wp\/v2\/pages\/420\/revisions\/6842"}],"up":[{"embeddable":true,"href":"https:\/\/italiaue.esteri.it\/fr\/wp-json\/wp\/v2\/pages\/151"}],"wp:attachment":[{"href":"https:\/\/italiaue.esteri.it\/fr\/wp-json\/wp\/v2\/media?parent=420"}],"curies":[{"name":"wp","href":"https:\/\/api.w.org\/{rel}","templated":true}]}}