{"id":2836,"date":"2024-04-09T12:14:35","date_gmt":"2024-04-09T10:14:35","guid":{"rendered":"https:\/\/italiaue.esteri.it\/?page_id=2836"},"modified":"2026-02-16T11:30:38","modified_gmt":"2026-02-16T10:30:38","slug":"les-ambassadeurs","status":"publish","type":"page","link":"https:\/\/italiaue.esteri.it\/fr\/chi-siamo\/contatti\/les-ambassadeurs\/","title":{"rendered":"Les Ambassadeurs"},"content":{"rendered":"<h3 data-main-rotation=\"0\"><img loading=\"lazy\" decoding=\"async\" class=\"img-fluid wp-image-1152 alignleft\" src=\"https:\/\/italiaue.esteri.it\/wp-content\/uploads\/2023\/04\/Amb.-Celeste-225x300.jpg\" alt=\"\" width=\"161\" height=\"215\" srcset=\"https:\/\/italiaue.esteri.it\/wp-content\/uploads\/2023\/04\/Amb.-Celeste-225x300.jpg 225w, https:\/\/italiaue.esteri.it\/wp-content\/uploads\/2023\/04\/Amb.-Celeste-768x1024.jpg 768w, https:\/\/italiaue.esteri.it\/wp-content\/uploads\/2023\/04\/Amb.-Celeste.jpg 1141w\" sizes=\"auto, (max-width: 161px) 100vw, 161px\" \/><\/h3>\n<h4><span id=\"page37R_mcid1\" class=\"markedContent\"><span dir=\"ltr\" role=\"presentation\"><strong>Le Repr\u00e9sentant permanent, <\/strong>Ambassadeu<\/span><span dir=\"ltr\" role=\"presentation\">r<\/span>\u00a0<span dir=\"ltr\" role=\"presentation\">Vincenzo Celeste<\/span><\/span><\/h4>\n<p><span id=\"page37R_mcid2\" class=\"markedContent\"><\/span><span id=\"page37R_mcid3\" class=\"markedContent\"><br role=\"presentation\" \/><span dir=\"ltr\" role=\"presentation\">N\u00e9 \u00e0<\/span>\u00a0<span dir=\"ltr\" role=\"presentation\">Naples<\/span>\u00a0<span dir=\"ltr\" role=\"presentation\">le<\/span>\u00a0<span dir=\"ltr\" role=\"presentation\">6<\/span>\u00a0<span dir=\"ltr\" role=\"presentation\">septembre<\/span>\u00a0<span dir=\"ltr\" role=\"presentation\">1962. L<\/span><span dir=\"ltr\" role=\"presentation\">icenci\u00e9 en<\/span>\u00a0<span dir=\"ltr\" role=\"presentation\">Droit<\/span>\u00a0<span dir=\"ltr\" role=\"presentation\">aupr\u00e8s de l\u2019Universit\u00e9 Federico II de Naples le<\/span>\u00a0<span dir=\"ltr\" role=\"presentation\">9\u00a0<\/span><span dir=\"ltr\" role=\"presentation\">juillet<\/span>\u00a0<span dir=\"ltr\" role=\"presentation\">1987, i<\/span><span dir=\"ltr\" role=\"presentation\">l a rejoint le service diplomatique le<\/span>\u00a0<span dir=\"ltr\" role=\"presentation\">13<\/span>\u00a0<span dir=\"ltr\" role=\"presentation\">f\u00e9vrier<\/span>\u00a0<span dir=\"ltr\" role=\"presentation\">1989.<\/span><\/span><\/p>\n<p><span id=\"page37R_mcid4\" class=\"markedContent\"><\/span><span id=\"page37R_mcid5\" class=\"markedContent\"><span dir=\"ltr\" role=\"presentation\">A partir du<\/span>\u00a0<span dir=\"ltr\" role=\"presentation\">4<\/span>\u00a0<span dir=\"ltr\" role=\"presentation\">novembre<\/span>\u00a0<span dir=\"ltr\" role=\"presentation\">1989<\/span><span dir=\"ltr\" role=\"presentation\">, il a travaill\u00e9 \u00e0 la<\/span>\u00a0<span dir=\"ltr\" role=\"presentation\">Direction G\u00e9n\u00e9rale de l\u2019Emigration et des Affaires sociales,\u00a0<\/span><span dir=\"ltr\" role=\"presentation\">d\u2019abord au Bureau des Italiens des Am\u00e9riques et d\u2019Oc\u00e9anie, et ensuite au Secr\u00e9tariat de la m\u00eame\u00a0<\/span><span dir=\"ltr\" role=\"presentation\">Direction G\u00e9n\u00e9rale.<\/span><\/span><\/p>\n<p><span id=\"page37R_mcid6\" class=\"markedContent\"><\/span><span id=\"page37R_mcid7\" class=\"markedContent\"><span dir=\"ltr\" role=\"presentation\">Le 3 mai 1993, il a \u00e9t\u00e9<\/span>\u00a0<span dir=\"ltr\" role=\"presentation\">nomm\u00e9 Deuxi\u00e8me S<\/span><span dir=\"ltr\" role=\"presentation\">ecr\u00e9taire<\/span>\u00a0<span dir=\"ltr\" role=\"presentation\">aupr\u00e8s<\/span>\u00a0<span dir=\"ltr\" role=\"presentation\">de l\u2019Ambassade d\u2019Ital<\/span><span dir=\"ltr\" role=\"presentation\">ie \u00e0 Damas.<\/span><\/span><\/p>\n<p><span id=\"page37R_mcid8\" class=\"markedContent\"><\/span><span id=\"page37R_mcid9\" class=\"markedContent\"><span dir=\"ltr\" role=\"presentation\">Du 21 juillet 1997 il<\/span>\u00a0<span dir=\"ltr\" role=\"presentation\">est<\/span>\u00a0<span dir=\"ltr\" role=\"presentation\">P<\/span><span dir=\"ltr\" role=\"presentation\">remier<\/span>\u00a0<span dir=\"ltr\" role=\"presentation\">Secr\u00e9taire<\/span>\u00a0<span dir=\"ltr\" role=\"presentation\">et<\/span>\u00a0<span dir=\"ltr\" role=\"presentation\">puis<\/span>\u00a0<span dir=\"ltr\" role=\"presentation\">C<\/span><span dir=\"ltr\" role=\"presentation\">onseiller<\/span>\u00a0<span dir=\"ltr\" role=\"presentation\">\u00e0<\/span>\u00a0<span dir=\"ltr\" role=\"presentation\">l\u2019A<\/span><span dir=\"ltr\" role=\"presentation\">mbassade d\u2019Italie \u00e0 Sofia.<\/span><\/span><span id=\"page37R_mcid10\" class=\"markedContent\"><\/span><span id=\"page37R_mcid11\" class=\"markedContent\"><br role=\"presentation\" \/><\/span><\/p>\n<p><span id=\"page37R_mcid11\" class=\"markedContent\"><span dir=\"ltr\" role=\"presentation\">\u00c0 son retour \u00e0 Rome, en d\u00e9cembre 2000, i<\/span><span dir=\"ltr\" role=\"presentation\">l<\/span>\u00a0<span dir=\"ltr\" role=\"presentation\">est<\/span>\u00a0<span dir=\"ltr\" role=\"presentation\">affect\u00e9 \u00e0 la Direction G\u00e9n\u00e9rale des Affaires Politiques\u00a0<\/span><span dir=\"ltr\" role=\"presentation\">Multilat\u00e9rales et des Droits de l\u2019Homme, Bur<\/span><span dir=\"ltr\" role=\"presentation\">eau du D<\/span><span dir=\"ltr\" role=\"presentation\">\u00e9sarmement et, \u00e0 partir du 3<\/span>\u00a0<span dir=\"ltr\" role=\"presentation\">septembre 2002, au\u00a0<\/span><span dir=\"ltr\" role=\"presentation\">Secr\u00e9tariat G<\/span><span dir=\"ltr\" role=\"presentation\">\u00e9n\u00e9ral, Unit\u00e9 de C<\/span><span dir=\"ltr\" role=\"presentation\">oordination.<\/span><\/span><\/p>\n<p><span id=\"page37R_mcid12\" class=\"markedContent\"><\/span><span id=\"page37R_mcid13\" class=\"markedContent\"><span dir=\"ltr\" role=\"presentation\">Conseiller d\u2019Ambassade le 2 juillet 2004, il est affect\u00e9 le 19 septembre 2005<\/span><\/span><span id=\"page37R_mcid14\" class=\"markedContent\">\u00a0<span dir=\"ltr\" role=\"presentation\">\u00e0<\/span><\/span><span id=\"page37R_mcid15\" class=\"markedContent\"><\/span><span id=\"page37R_mcid16\" class=\"markedContent\">\u00a0<span dir=\"ltr\" role=\"presentation\">la Repr\u00e9sentation\u00a0<\/span><\/span><span id=\"page37R_mcid17\" class=\"markedContent\"><span dir=\"ltr\" role=\"presentation\">permanente de l\u2019Italie<\/span><\/span><span id=\"page37R_mcid18\" class=\"markedContent\">\u00a0<span dir=\"ltr\" role=\"presentation\">aupr\u00e8s de l\u2019UE<\/span><\/span><span id=\"page37R_mcid19\" class=\"markedContent\"><\/span><span id=\"page37R_mcid20\" class=\"markedContent\">\u00a0<span dir=\"ltr\" role=\"presentation\">\u00e0 Bruxelles, avec le grade de<\/span><\/span><strong><span id=\"page37R_mcid21\" class=\"markedContent\">\u00a0<span dir=\"ltr\" role=\"presentation\">Premier Conseiller<\/span><\/span><\/strong><span id=\"page37R_mcid22\" class=\"markedContent\"><span dir=\"ltr\" role=\"presentation\">.<\/span><\/span><\/p>\n<p><span id=\"page37R_mcid23\" class=\"markedContent\"><\/span><span id=\"page37R_mcid25\" class=\"markedContent\"><span dir=\"ltr\" role=\"presentation\">De retour \u00e0 Rome en 2010, il a exerc\u00e9 ses fonctions<\/span><\/span><span id=\"page37R_mcid26\" class=\"markedContent\"><span dir=\"ltr\" role=\"presentation\">,<\/span><\/span><span id=\"page37R_mcid27\" class=\"markedContent\"><\/span><span id=\"page37R_mcid28\" class=\"markedContent\">\u00a0<span dir=\"ltr\" role=\"presentation\">d\u00e9tach\u00e9 aupr\u00e8s de la Pr\u00e9sidence du Conseil des\u00a0<\/span><\/span><span id=\"page37R_mcid29\" class=\"markedContent\"><span dir=\"ltr\" role=\"presentation\">Ministres<\/span><\/span><span id=\"page37R_mcid30\" class=\"markedContent\"><span dir=\"ltr\" role=\"presentation\">,<\/span><\/span><span id=\"page37R_mcid31\" class=\"markedContent\"><\/span><span id=\"page37R_mcid32\" class=\"markedContent\">\u00a0<span dir=\"ltr\" role=\"presentation\">en qualit\u00e9 de Coordinateur de la Mission de Structure pour les Proc\u00e9dures d\u2019infraction au\u00a0<\/span><\/span><span id=\"page37R_mcid33\" class=\"markedContent\"><span dir=\"ltr\" role=\"presentation\">droi<\/span><\/span><span id=\"page37R_mcid34\" class=\"markedContent\"><span dir=\"ltr\" role=\"presentation\">t communautaire.<\/span><\/span><\/p>\n<p><strong><span id=\"page37R_mcid37\" class=\"markedContent\"><span dir=\"ltr\" role=\"presentation\">Ministre pl\u00e9nipotentiaire<\/span><\/span><\/strong><span id=\"page37R_mcid38\" class=\"markedContent\"><\/span><span id=\"page37R_mcid39\" class=\"markedContent\">\u00a0<span dir=\"ltr\" role=\"presentation\">le 2 janvier 2011, il est nomm\u00e9 Conseiller Diplomatique du Ministre des\u00a0<\/span><\/span><span id=\"page37R_mcid40\" class=\"markedContent\"><span dir=\"ltr\" role=\"presentation\">Affaires europ\u00e9ennes \u00e0 partir de fin 2011.<\/span><\/span><span id=\"page37R_mcid41\" class=\"markedContent\"><\/span><span id=\"page37R_mcid42\" class=\"markedContent\"><\/span><span id=\"page37R_mcid43\" class=\"markedContent\"><br role=\"presentation\" \/><\/span><\/p>\n<p><span id=\"page37R_mcid43\" class=\"markedContent\"><span dir=\"ltr\" role=\"presentation\">Le 27 juin 2013, il<\/span><\/span><span id=\"page37R_mcid44\" class=\"markedContent\">\u00a0<span dir=\"ltr\" role=\"presentation\">est<\/span><\/span><span id=\"page37R_mcid45\" class=\"markedContent\"><\/span><span id=\"page37R_mcid46\" class=\"markedContent\">\u00a0<span dir=\"ltr\" role=\"presentation\">nomm\u00e9 Chef de Mission Adjoint \u00e0 l\u2019Ambassade \u00e0 Londres et le 10 juillet 201<\/span><\/span><span id=\"page37R_mcid47\" class=\"markedContent\"><span dir=\"ltr\" role=\"presentation\">8 Chef\u00a0<\/span><\/span><span id=\"page37R_mcid48\" class=\"markedContent\"><span dir=\"ltr\" role=\"presentation\">de Cabinet Adjoint du Ministre des Affaires \u00e9trang\u00e8res et de la Coop\u00e9ration internationale.<\/span><\/span><span id=\"page37R_mcid49\" class=\"markedContent\"><\/span><span id=\"page37R_mcid50\" class=\"markedContent\"><\/span><span id=\"page37R_mcid51\" class=\"markedContent\"><br role=\"presentation\" \/><\/span><\/p>\n<p><span id=\"page37R_mcid51\" class=\"markedContent\"><span dir=\"ltr\" role=\"presentation\">Le 31 ao\u00fbt 2019, il<\/span><\/span><span id=\"page37R_mcid52\" class=\"markedContent\">\u00a0<span dir=\"ltr\" role=\"presentation\">est<\/span><\/span><span id=\"page37R_mcid53\" class=\"markedContent\"><\/span><span id=\"page37R_mcid54\" class=\"markedContent\">\u00a0<span dir=\"ltr\" role=\"presentation\">nomm\u00e9<\/span><\/span><strong><span id=\"page37R_mcid55\" class=\"markedContent\">\u00a0<span dir=\"ltr\" role=\"presentation\">Directeur G\u00e9n\u00e9ral pour l\u2019Europe et la Politique commerciale\u00a0<\/span><\/span><\/strong><span id=\"page37R_mcid56\" class=\"markedContent\"><span dir=\"ltr\" role=\"presentation\"><strong>internationale<\/strong>.<\/span><\/span><span id=\"page37R_mcid57\" class=\"markedContent\"><\/span><span id=\"page37R_mcid58\" class=\"markedContent\"><\/span><span id=\"page37R_mcid59\" class=\"markedContent\"><br role=\"presentation\" \/><\/span><\/p>\n<p><span id=\"page37R_mcid59\" class=\"markedContent\"><span dir=\"ltr\" role=\"presentation\">A partir du<\/span><\/span><span id=\"page37R_mcid60\" class=\"markedContent\"><\/span><span id=\"page37R_mcid61\" class=\"markedContent\">\u00a0<span dir=\"ltr\" role=\"presentation\">17 avril 2023, il e<\/span><\/span><span id=\"page37R_mcid62\" class=\"markedContent\"><span dir=\"ltr\" role=\"presentation\">st<\/span><\/span><span id=\"page37R_mcid63\" class=\"markedContent\"><\/span><strong><span id=\"page37R_mcid64\" class=\"markedContent\">\u00a0<span dir=\"ltr\" role=\"presentation\">Repr\u00e9sentant<\/span><\/span><span id=\"page37R_mcid65\" class=\"markedContent\">\u00a0<span dir=\"ltr\" role=\"presentation\">permanent de l\u2019Italie aupr\u00e8s de l\u2019Union Europ\u00e9enne<\/span><\/span><\/strong><span id=\"page37R_mcid66\" class=\"markedContent\"><span dir=\"ltr\" role=\"presentation\">.<\/span><\/span><span id=\"page37R_mcid67\" class=\"markedContent\"><\/span><span id=\"page37R_mcid68\" class=\"markedContent\"><\/span><span id=\"page37R_mcid69\" class=\"markedContent\"><\/span><span id=\"page37R_mcid70\" class=\"markedContent\"><\/span><span id=\"page37R_mcid71\" class=\"markedContent\"><br role=\"presentation\" \/><\/span><\/p>\n<p>Le 2 janvier 2025 il a \u00e9t\u00e9 nomm\u00e9 <strong>Ambassadeur<\/strong>.<\/p>\n<p><span id=\"page37R_mcid71\" class=\"markedContent\"><span dir=\"ltr\" role=\"presentation\">D\u00e9<\/span><\/span><span id=\"page37R_mcid72\" class=\"markedContent\"><span dir=\"ltr\" role=\"presentation\">coration honorifique<\/span><\/span><span id=\"page37R_mcid73\" class=\"markedContent\"><span dir=\"ltr\" role=\"presentation\">:<\/span><\/span><span id=\"page37R_mcid74\" class=\"markedContent\"><\/span><span id=\"page37R_mcid75\" class=\"markedContent\"><\/span><span id=\"page37R_mcid76\" class=\"markedContent\"><br role=\"presentation\" \/><em><span dir=\"ltr\" role=\"presentation\">\u201c<\/span><\/em><\/span><em><span id=\"page37R_mcid77\" class=\"markedContent\"><span dir=\"ltr\" role=\"presentation\">Comm<\/span><\/span><span id=\"page37R_mcid78\" class=\"markedContent\"><span dir=\"ltr\" role=\"presentation\">andeur<\/span><\/span><span id=\"page37R_mcid79\" class=\"markedContent\"><span dir=\"ltr\" role=\"presentation\">\u201d<\/span><\/span><span id=\"page37R_mcid80\" class=\"markedContent\"><\/span><span id=\"page37R_mcid81\" class=\"markedContent\">\u00a0<span dir=\"ltr\" role=\"presentation\">de l<\/span><\/span><span id=\"page37R_mcid82\" class=\"markedContent\"><span dir=\"ltr\" role=\"presentation\">\u2019Or<\/span><\/span><span id=\"page37R_mcid83\" class=\"markedContent\"><span dir=\"ltr\" role=\"presentation\">d<\/span><\/span><span id=\"page37R_mcid84\" class=\"markedContent\"><span dir=\"ltr\" role=\"presentation\">r<\/span><\/span><span id=\"page37R_mcid85\" class=\"markedContent\"><span dir=\"ltr\" role=\"presentation\">e<\/span><\/span><span id=\"page37R_mcid86\" class=\"markedContent\">\u00a0<span dir=\"ltr\" role=\"presentation\">du M\u00e9rite de la<\/span><\/span><span id=\"page37R_mcid87\" class=\"markedContent\">\u00a0<span dir=\"ltr\" role=\"presentation\">R<\/span><\/span><span id=\"page37R_mcid88\" class=\"markedContent\"><span dir=\"ltr\" role=\"presentation\">\u00e9publique italienne<\/span><\/span><span id=\"page37R_mcid89\" class=\"markedContent\"><span dir=\"ltr\" role=\"presentation\">, 2021<\/span><\/span><\/em><\/p>\n<hr \/>\n<p><img loading=\"lazy\" decoding=\"async\" class=\"alignleft\" src=\"https:\/\/italiaue.esteri.it\/wp-content\/uploads\/2025\/02\/per-sito.jpg\" width=\"143\" height=\"215\" \/><\/p>\n<h4><strong>Le Repr\u00e9sentant permanent adjoint, Ambassadeur Marco CANAPARO<\/strong><\/h4>\n<p>N\u00e9 \u00e0 Orvieto (Terni) le 27 d\u00e9cembre 1971, il est dipl\u00f4m\u00e9 en droit de l&#8217;universit\u00e9 La Sapienza de Rome.<\/p>\n<p>Il est entr\u00e9 dans le service diplomatique en d\u00e9cembre 1999 et a suivi un cours de formation professionnelle \u00e0 l&#8217;Institut diplomatique en 2000. La m\u00eame ann\u00e9e, il est nomm\u00e9 Deuxi\u00e8me secr\u00e9taire au minist\u00e8re des affaires \u00e9trang\u00e8res et de la coop\u00e9ration internationale, \u00e0 la direction g\u00e9n\u00e9rale de l&#8217;int\u00e9gration europ\u00e9enne.<\/p>\n<p>En 2001, il est affect\u00e9 au Minist\u00e8re des affaires \u00e9trang\u00e8res et de la coop\u00e9ration internationale.<\/p>\n<p>De 2002 \u00e0 fin 2003, il est <strong>Premier secr\u00e9taire<\/strong> \u00e0 l&#8217;ambassade d&#8217;Italie \u00e0 Amman.<\/p>\n<p>En 2006, il est <strong>Premier secr\u00e9taire<\/strong> pour les affaires commerciales \u00e0 la repr\u00e9sentation aupr\u00e8s de l&#8217;Union europ\u00e9enne \u00e0 Bruxelles et, en 2009, il est affect\u00e9 au bureau du conseiller diplomatique \u00e0 la pr\u00e9sidence du Conseil des ministres.<\/p>\n<p>En juillet 2010, il est nomm\u00e9 <strong>Conseiller<\/strong>; depuis 2013 et jusqu&#8217;en 2015, il est conseiller diplomatique du minist\u00e8re de l&#8217;int\u00e9rieur et vice-pr\u00e9sident du Conseil.<\/p>\n<p>De 2015 \u00e0 2019, P<strong>remier conseiller<\/strong> \u00e0 la Repr\u00e9sentation permanente aupr\u00e8s de l&#8217;Union europ\u00e9enne \u00e0 Bruxelles, en charge du bureau des relations avec le Parlement europ\u00e9en. En 2019 \u00e9galement, il devient membre du cabinet du pr\u00e9sident du Parlement europ\u00e9en, charg\u00e9 des relations interinstitutionnelles avec le Conseil.<\/p>\n<p>En 2021, il est <strong>Premier conseiller<\/strong> \u00e0 la Repr\u00e9sentation permanente aupr\u00e8s de l&#8217;Union europ\u00e9enne \u00e0 Bruxelles, en charge du bureau des relations avec le Parlement europ\u00e9en et du service de presse.<\/p>\n<p>En 2022, il est Conseiller diplomatique au minist\u00e8re des Affaires europ\u00e9ennes, du Sud, des politiques de coh\u00e9sion et du Plan national de relance et de r\u00e9silience (PNRR).<\/p>\n<p>En juin 2023, il devient <strong>Chef du d\u00e9partement des affaires europ\u00e9ennes<\/strong> \u00e0 la pr\u00e9sidence du Conseil des ministres.<\/p>\n<p>En d\u00e9cembre 2024, il est membre du cabinet du vice-pr\u00e9sident ex\u00e9cutif charg\u00e9 de la coh\u00e9sion et des r\u00e9formes.<\/p>\n<p>En janvier 2024, il est nomm\u00e9 <strong>Ministre pl\u00e9nipotentiaire<\/strong>.<\/p>\n<p>Le 5 f\u00e9vrier 2025 il a \u00e9t\u00e9 nomm\u00e9 <strong>Repr\u00e9sentant permanent adjoint et ambassadeur<\/strong> aupr\u00e8s de la Repr\u00e9sentation permanente de l&#8217;Italie aupr\u00e8s de l&#8217;Union europ\u00e9enne.<\/p>\n<p><span id=\"page37R_mcid71\" class=\"markedContent\"><span dir=\"ltr\" role=\"presentation\">D\u00e9<\/span><\/span><span id=\"page37R_mcid72\" class=\"markedContent\"><span dir=\"ltr\" role=\"presentation\">coration honorifique<\/span><\/span><span id=\"page37R_mcid73\" class=\"markedContent\"><span dir=\"ltr\" role=\"presentation\">:<\/span><\/span><span id=\"page37R_mcid74\" class=\"markedContent\"><\/span><span id=\"page37R_mcid75\" class=\"markedContent\"><\/span><span id=\"page37R_mcid76\" class=\"markedContent\"><br role=\"presentation\" \/><em><span dir=\"ltr\" role=\"presentation\">Chevalier<\/span><\/em><\/span><em><span id=\"page37R_mcid80\" class=\"markedContent\"><\/span><span id=\"page37R_mcid81\" class=\"markedContent\">\u00a0<span dir=\"ltr\" role=\"presentation\">de l<\/span><\/span><span id=\"page37R_mcid82\" class=\"markedContent\"><span dir=\"ltr\" role=\"presentation\">\u2019Or<\/span><\/span><span id=\"page37R_mcid83\" class=\"markedContent\"><span dir=\"ltr\" role=\"presentation\">d<\/span><\/span><span id=\"page37R_mcid84\" class=\"markedContent\"><span dir=\"ltr\" role=\"presentation\">r<\/span><\/span><span id=\"page37R_mcid85\" class=\"markedContent\"><span dir=\"ltr\" role=\"presentation\">e<\/span><\/span><span id=\"page37R_mcid86\" class=\"markedContent\">\u00a0<span dir=\"ltr\" role=\"presentation\">du M\u00e9rite de la<\/span><\/span><span id=\"page37R_mcid87\" class=\"markedContent\">\u00a0<span dir=\"ltr\" role=\"presentation\">R<\/span><\/span><span id=\"page37R_mcid88\" class=\"markedContent\"><span dir=\"ltr\" role=\"presentation\">\u00e9publique italienne<\/span><\/span><span id=\"page37R_mcid89\" class=\"markedContent\"><span dir=\"ltr\" role=\"presentation\">, 2012<\/span><\/span><\/em><\/p>\n<p>&nbsp;<\/p>\n<hr \/>\n<p>&nbsp;<\/p>\n<p><img loading=\"lazy\" decoding=\"async\" class=\"alignleft\" src=\"https:\/\/italiaue.esteri.it\/wp-content\/uploads\/2023\/03\/Andrea-ORIZIO-1-225x300.jpg\" width=\"161\" height=\"215\" \/><\/p>\n<h4><strong>Le Repr\u00e9sentant au COPS, l&#8217;Ambassadeur Andrea Orizio<\/strong><\/h4>\n<p>&nbsp;<\/p>\n<p>N\u00e9 \u00e0 Brescia le 25 janvier 1967, dipl\u00f4m\u00e9 en droit de l&#8217;Universit\u00e9 de Milan en 1991, a suivi des cours de sp\u00e9cialisation post-licence\/master en carri\u00e8res internationales \u00e0 l&#8217;ISPI (Institut d&#8217;\u00e9tudes politiques internationales) de Milan et \u00e0 la SIOI (Soci\u00e9t\u00e9 italienne pour l&#8217;Organisation Internationale) de Rome et en 1992 il entame la carri\u00e8re diplomatique.<\/p>\n<p>Chef adjoint du Bureau Afrique (Affaires \u00e9conomiques) du Minist\u00e8re des Affaires \u00e9trang\u00e8res de 1992 \u00e0 1993, il a travaill\u00e9 au Bureau de Conseiller diplomatique du Ministre de la D\u00e9fense en 1993-1994, puis de l&#8217;Unit\u00e9 d&#8217;autorisation et de contr\u00f4le des mat\u00e9riels d&#8217;armement (UAMA) des Affaires \u00e9trang\u00e8res jusqu&#8217;en 1995.<\/p>\n<p>De 1995 \u00e0 2000, Premier secr\u00e9taire et chef du Bureau \u00e9conomique et commercial (chef de mission adjoint 1996-1997) de l&#8217;ambassade d&#8217;Italie \u00e0 Prague, il devient <strong>conseiller et chef de mission adjoint<\/strong> de l&#8217;Ambassade d&#8217;Italie \u00e0 Zagreb de 2000 \u00e0 2002, p\u00e9riode o\u00f9 il est \u00e9galement officier de contact OTAN-Croatie.<\/p>\n<p>De 2002 \u00e0 2004 Chef adjoint et de 2004 \u00e0 2005 Chef du Bureau des Balkans occidentaux (DG Pays europ\u00e9ens) au Minist\u00e8re des Affaires \u00e9trang\u00e8res, \u00e0 Rome.<\/p>\n<p>De 2005 \u00e0 2008 <strong>Premier conseiller<\/strong> \u00e0 la Repr\u00e9sentation permanente de l&#8217;Italie aupr\u00e8s de l&#8217;OTAN, \u00e0 Bruxelles, responsable du Dialogue m\u00e9diterran\u00e9en, de l&#8217;Initiative de coop\u00e9ration d&#8217;Istanbul, du Moyen-Orient, des partenariats OTAN et Balkans occidentaux, OTAN-Ukraine, OTAN-G\u00e9orgie, \u00e9largissement (adh\u00e9sion de l&#8217;Albanie et Croatie), op\u00e9ration Active Endeavour, relations OTAN-UE, membre du Comit\u00e9 politique de l&#8217;OTAN.<\/p>\n<p>De 2008 \u00e0 2013, <strong>ministre-conseiller et chef de mission adjoint<\/strong> de l&#8217;Ambassade d&#8217;Italie au Caire. Au d\u00e9clenchement de la \u00ab R\u00e9volution \u00bb, le 25 janvier 2011, il \u00e9tait charg\u00e9 d&#8217;affaires par int\u00e9rim. et a dirig\u00e9 les 130 personnes de l&#8217;ambassade italienne et des institutions du syst\u00e8me italien dans une situation particuli\u00e8rement critique.<\/p>\n<p><strong>Chef du d\u00e9partement Antiterrorisme et d\u00e9fis mondiaux<\/strong> au minist\u00e8re des Affaires \u00e9trang\u00e8res (Direction g\u00e9n\u00e9rale des affaires politiques), \u00e0 Rome, de 2013 \u00e0 2014.<\/p>\n<p>De 2014 \u00e0 2016, il a \u00e9t\u00e9 <strong>chef d&#8217;unit\u00e9 pour les Balkans, CEI et IAI<\/strong> (directeur des Balkans) \u00e0 la direction g\u00e9n\u00e9rale de l&#8217;Union europ\u00e9enne du minist\u00e8re des Affaires \u00e9trang\u00e8res et de la Coop\u00e9ration internationale, \u00e0 Rome, ainsi que coordinateur national CEI, UE macro-r\u00e9gionale. Strat\u00e9gies EUSAIR et EUSALP, Processus des Balkans occidentaux.<\/p>\n<p>En 2016, il est nomm\u00e9 M<strong>inistre Pl\u00e9nipotentiaire<\/strong>. De 2016 \u00e0 2020, choisi apr\u00e8s un processus de s\u00e9lection international, ambassadeur\/chef de mission de l&#8217;OSCE en Serbie (150 personnes de 15 nationalit\u00e9s diff\u00e9rentes et 10 millions d&#8217;euros de budget annuel, avec responsabilit\u00e9 directe).<\/p>\n<p>De 2020 au Minist\u00e8re des Affaires \u00e9trang\u00e8res et de la Coop\u00e9ration internationale de l&#8217;Italie en tant que <strong>responsable de l&#8217;Europe centrale et du Nord et adjoint du directeur g\u00e9n\u00e9ral adjoint\/directeur central pour les pays europ\u00e9ens<\/strong> (DGUE), de 2021 \u00e0 2023 adjoint du directeur g\u00e9n\u00e9ral adjoint\/directeur central pour les pays europ\u00e9ens, coordinateur pour les pays de l&#8217;AELE et le Royaume-Uni \u00e0 la Direction g\u00e9n\u00e9rale des pays europ\u00e9ens et de la politique commerciale internationale.<\/p>\n<p>En 2022-2023, il est \u00e9galement coordinateur DGUE pour la candidature de Rome EXPO2030, int\u00e9gr\u00e9 aux \u00ab Envoy\u00e9s sp\u00e9ciaux \u00bb.<\/p>\n<p>Depuis le 6 mars 2023, il est<strong> Ambassadeur\/Repr\u00e9sentant aupr\u00e8s du Comit\u00e9 politique et de s\u00e9curit\u00e9<\/strong> &#8211; COPS &#8211; de l&#8217;Union europ\u00e9enne \u00e0 Bruxelles.<\/p>\n<p>Mari\u00e9, p\u00e8re de deux enfants. Il parle couramment le fran\u00e7ais et l&#8217;anglais et poss\u00e8de des connaissances en tch\u00e8que, croate, serbe et, de base, en arabe.<\/p>\n<p><em>Chevalier officiel de l&#8217;Ordre du M\u00e9rite de la R\u00e9publique, membre de l&#8217;Institut International de Droit Humanitaire de Sanremo<\/em>.<\/p>\n<p>&nbsp;<\/p>\n<p><em>Traduction de courtoisie automatis\u00e9e<\/em><\/p>\n","protected":false},"excerpt":{"rendered":"Le Repr\u00e9sentant permanent, Ambassadeur\u00a0Vincenzo Celeste N\u00e9 \u00e0\u00a0Naples\u00a0le\u00a06\u00a0septembre\u00a01962. Licenci\u00e9 en\u00a0Droit\u00a0aupr\u00e8s de l\u2019Universit\u00e9 Federico II de Naples le\u00a09\u00a0juillet\u00a01987, il a rejoint le service diplomatique le\u00a013\u00a0f\u00e9vrier\u00a01989. A partir du\u00a04\u00a0novembre\u00a01989, il a travaill\u00e9 \u00e0 la\u00a0Direction G\u00e9n\u00e9rale de l\u2019Emigration et des Affaires sociales,\u00a0d\u2019abord au Bureau des Italiens des Am\u00e9riques et d\u2019Oc\u00e9anie, et ensuite au Secr\u00e9tariat de la m\u00eame\u00a0Direction G\u00e9n\u00e9rale. Le [&hellip;]","protected":false},"author":5,"featured_media":0,"parent":107,"menu_order":0,"comment_status":"closed","ping_status":"closed","template":"","meta":{"footnotes":""},"class_list":["post-2836","page","type-page","status-publish","hentry"],"_links":{"self":[{"href":"https:\/\/italiaue.esteri.it\/fr\/wp-json\/wp\/v2\/pages\/2836","targetHints":{"allow":["GET"]}}],"collection":[{"href":"https:\/\/italiaue.esteri.it\/fr\/wp-json\/wp\/v2\/pages"}],"about":[{"href":"https:\/\/italiaue.esteri.it\/fr\/wp-json\/wp\/v2\/types\/page"}],"author":[{"embeddable":true,"href":"https:\/\/italiaue.esteri.it\/fr\/wp-json\/wp\/v2\/users\/5"}],"replies":[{"embeddable":true,"href":"https:\/\/italiaue.esteri.it\/fr\/wp-json\/wp\/v2\/comments?post=2836"}],"version-history":[{"count":7,"href":"https:\/\/italiaue.esteri.it\/fr\/wp-json\/wp\/v2\/pages\/2836\/revisions"}],"predecessor-version":[{"id":6581,"href":"https:\/\/italiaue.esteri.it\/fr\/wp-json\/wp\/v2\/pages\/2836\/revisions\/6581"}],"up":[{"embeddable":true,"href":"https:\/\/italiaue.esteri.it\/fr\/wp-json\/wp\/v2\/pages\/107"}],"wp:attachment":[{"href":"https:\/\/italiaue.esteri.it\/fr\/wp-json\/wp\/v2\/media?parent=2836"}],"curies":[{"name":"wp","href":"https:\/\/api.w.org\/{rel}","templated":true}]}}