{"id":23,"date":"2022-11-03T17:33:00","date_gmt":"2022-11-03T16:33:00","guid":{"rendered":"https:\/\/italiaue.esteri.it\/litalia-e-lue\/"},"modified":"2023-02-02T15:28:42","modified_gmt":"2023-02-02T14:28:42","slug":"litalia-e-lue","status":"publish","type":"page","link":"https:\/\/italiaue.esteri.it\/fr\/litalia-e-lue\/","title":{"rendered":"L&#8217;Italie et l&#8217;UE"},"content":{"rendered":"<p><strong>Le r\u00f4le de l&#8217;Italie dans le processus d&#8217;int\u00e9gration europ\u00e9enne<\/strong><\/p>\n<p>L&#8217;Italie a \u00e9t\u00e9 l<strong>&#8216;un des protagonistes<\/strong> du chemin entrepris avec les autres Pays fondateurs pour construire une Europe unie. Dans de nombreux cas, notre pays a accueilli des \u00e9v\u00e9nements cl\u00e9s de l&#8217;histoire de la communaut\u00e9. Par exemple, \u00e0 Rome en 1957, les trait\u00e9s CEE et Euratom ont \u00e9t\u00e9 sign\u00e9s dans la Sala degli Orazi e Curiazi du Campidoglio. Mais ce r\u00f4le a \u00e9t\u00e9 jou\u00e9 plus t\u00f4t encore, lorsque, d\u00e8s l&#8217;automne 1941, Altiero Spinelli et Ernesto Rossi &#8211; alors confin\u00e9s sur l&#8217;\u00eele de Ventotene &#8211; ont \u00e9nonc\u00e9 des principes dans un Manifeste pour le f\u00e9d\u00e9ralisme europ\u00e9en.<\/p>\n<p>Voici quelques-uns des moments historiques au cours desquels l&#8217;Italie a jou\u00e9 un r\u00f4le central dans le processus d&#8217;int\u00e9gration europ\u00e9enne :<\/p>\n<p><strong>1-3 JUIN 1955<\/strong> &#8211; \u00c0 <strong>Messine<\/strong>, un peu moins d&#8217;un an apr\u00e8s la mort d&#8217;Alcide De Gasperi &#8211; qui, avec Jean Monnet, Robert Schumann et Konrad Adenauer, doit \u00eatre consid\u00e9r\u00e9 comme l&#8217;un des p\u00e8res fondateurs du projet d&#8217;int\u00e9gration europ\u00e9enne &#8211; se tient la conf\u00e9rence qui jette les bases du trait\u00e9 de Rome. Les six ministres des affaires \u00e9trang\u00e8res de la CECA (Communaut\u00e9 europ\u00e9enne du charbon et de l&#8217;acier, c&#8217;est-\u00e0-dire l&#8217;Italie, la France, l&#8217;Allemagne, la Belgique, les Pays-Bas et le Luxembourg) d\u00e9cident de la voie de l&#8217;int\u00e9gration \u00e9conomique comme moyen de r\u00e9aliser l&#8217;union politique. Les ministres acceptent l&#8217;id\u00e9e d&#8217;un march\u00e9 commun et approuvent la cr\u00e9ation d&#8217;une Communaut\u00e9 europ\u00e9enne de l&#8217;\u00e9nergie atomique.<\/p>\n<p><strong>29-30 MAI 1956<\/strong> &#8211; \u00c0 Venise, les ministres des Affaires \u00e9trang\u00e8res des six m\u00eames pays approuvent le rapport du comit\u00e9 pr\u00e9sid\u00e9 par le ministre belge des Affaires \u00e9trang\u00e8res Paul Henri Spaak (dit <strong>rapport Spaak<\/strong>), donnant lieu \u00e0 une r\u00e9union intergouvernementale charg\u00e9e de pr\u00e9parer deux trait\u00e9s, l&#8217;un sur la Communaut\u00e9 \u00e9conomique europ\u00e9enne et l&#8217;autre sur la Communaut\u00e9 europ\u00e9enne de l&#8217;\u00e9nergie atomique.<\/p>\n<p><strong>25 MARS 1957<\/strong> &#8211; Au <strong>Campidoglio<\/strong> de Rome, dans la salle des Horaces et des Curiaces, les repr\u00e9sentants des six pays fondateurs signent les deux trait\u00e9s instituant la Communaut\u00e9 \u00e9conomique europ\u00e9enne (CEE) et la Communaut\u00e9 europ\u00e9enne de l&#8217;\u00e9nergie atomique (Euratom). Les deux trait\u00e9s entrent en vigueur en janvier 1958 apr\u00e8s ratification par les six parlements respectifs.<\/p>\n<p><strong>3-11 JUILLET 1958<\/strong> &#8211; \u00c0 <strong>Stresa<\/strong>, en Italie, la Conf\u00e9rence agricole des six pays fondateurs, \u00e0 laquelle participent les ministres de l&#8217;agriculture, \u00e9tablit une <strong>politique agricole europ\u00e9enne<\/strong> qui entre en vigueur en janvier 1962. La conf\u00e9rence d\u00e9finit la politique de l&#8217;UE dans ce domaine, y compris la libre circulation des produits agricoles.<\/p>\n<p><strong>1er JUILLET 1970-21 MARS 1972<\/strong> &#8211; L&#8217;Italien Franco Maria Malfatti est pr\u00e9sident de la Commission europ\u00e9enne.<\/p>\n<p><strong>1-2 D\u00c9CEMBRE 1975<\/strong> &#8211; \u00c0 Rome, le Conseil europ\u00e9en, compos\u00e9 des dirigeants des neuf \u00c9tats membres (apr\u00e8s l&#8217;adh\u00e9sion en 1973 du Royaume-Uni, du Danemark et de l&#8217;Irlande), d\u00e9cide de <strong>l&#8217;\u00e9lection du Parlement europ\u00e9en au suffrage universel<\/strong>. L&#8217;adoption d&#8217;un passeport unique est \u00e9galement d\u00e9cid\u00e9e.<\/p>\n<p><strong>1-2 D\u00c9CEMBRE 1975<\/strong> &#8211; \u00c0 Rome, le Conseil europ\u00e9en confie \u00e0 la pr\u00e9sidence tournante du Conseil et au pr\u00e9sident de la Commission europ\u00e9enne la t\u00e2che de repr\u00e9senter la Communaut\u00e9 aux sommets des sept pays les plus industrialis\u00e9s (G7).<\/p>\n<p><strong>12-13 JUIN 1980<\/strong> &#8211; \u00c0 Venise, le Conseil europ\u00e9en pr\u00e9sid\u00e9 par l&#8217;Italie approuve un certain nombre de d\u00e9clarations politiques et notamment celle plus connue sous le nom de &#8220;<strong>D\u00e9claration de Venise sur le Moyen-Orient<\/strong>&#8220;, premier signe d&#8217;une \u00e9valuation commune de la politique \u00e9trang\u00e8re des pays membres. En cons\u00e9quence \u00e9galement de la deuxi\u00e8me crise \u00e9nerg\u00e9tique qui touche l&#8217;Occident, les Neuf appellent \u00e0 un dialogue euro-arabe sur les questions \u00e9nerg\u00e9tiques.<\/p>\n<p><strong>28-29 JUIN 1985<\/strong> &#8211; A Milan, le Conseil europ\u00e9en \u00e0 dix, apr\u00e8s l&#8217;entr\u00e9e de la Gr\u00e8ce en 1981, d\u00e9cide de r\u00e9aliser le march\u00e9 unique europ\u00e9en avant la fin de 1992 et approuve \u00e0 cette fin la convocation d&#8217;une <strong>conf\u00e9rence intergouvernementale qui aboutira \u00e0 l&#8217;Acte unique europ\u00e9en<\/strong> (f\u00e9vrier 1986), premi\u00e8re r\u00e9forme institutionnelle de la CEE depuis le trait\u00e9 de Rome.<\/p>\n<p><strong>27-28 OCTOBRE 1990<\/strong> &#8211; A Rome, le Conseil europ\u00e9en extraordinaire \u00e0 douze, avec l&#8217;adh\u00e9sion de l&#8217;Espagne et du Portugal en 1986, se conclut par l&#8217;approbation de deux documents, l&#8217;un sur l&#8217;Union politique europ\u00e9enne (<strong>UPE<\/strong>) et l&#8217;autre sur l&#8217;Union mon\u00e9taire. Concernant l&#8217;UPE, le Conseil exprime la volont\u00e9 de transformer progressivement la Communaut\u00e9 en Union. Il d\u00e9cide \u00e9galement de la cr\u00e9ation d&#8217;une citoyennet\u00e9 europ\u00e9enne qui s&#8217;ajoutera aux citoyennet\u00e9s nationales.<\/p>\n<p><strong>14-15 D\u00c9CEMBRE 1990<\/strong> &#8211; \u00c0 Rome, le sommet des chefs d&#8217;\u00c9tat et de gouvernement des Douze donne le coup d&#8217;envoi des deux conf\u00e9rences intergouvernementales (CIG) sur l&#8217;Union politique et l&#8217;Union \u00e9conomique et mon\u00e9taire. Les deux CIG aboutiront \u00e0 la signature du trait\u00e9 de Maastricht (7 f\u00e9vrier 1992) qui marque la naissance de l&#8217;Union europ\u00e9enne. L&#8217;un des architectes de Maastricht \u00e9tait Guido Carli, alors ministre du Tr\u00e9sor.<\/p>\n<p><strong>29-30 MARS 1996<\/strong> &#8211; A Turin, un sommet extraordinaire des Quinze (en 1995, l&#8217;Autriche, la Finlande et la Su\u00e8de ont rejoint l&#8217;UE) inaugure la Conf\u00e9rence intergouvernementale pour la r\u00e9vision du trait\u00e9 de Maastricht.<\/p>\n<p><strong>21-22 JUIN 1996<\/strong> &#8211; A Florence, le semestre de pr\u00e9sidence italienne se termine par la reconnaissance unanime de la premi\u00e8re phase des travaux de la CIG, travaux qui aboutiront \u00e0 la signature du trait\u00e9 d&#8217;Amsterdam (2 octobre 1997).<\/p>\n<p><strong>16 SEPTEMBRE 1999 &#8211; 21 NOVEMBRE 2004<\/strong> &#8211; L&#8217;Italien Romano Prodi est pr\u00e9sident de la Commission europ\u00e9enne.<\/p>\n<p><strong>29 OCTOBRE 2003<\/strong> &#8211; La session inaugurale de la Conf\u00e9rence intergouvernementale pour la r\u00e9daction et l&#8217;adoption de la version finale d&#8217;une Constitution pour l&#8217;Europe se tient \u00e0 Rome.<\/p>\n<p><strong>29 OCTOBRE 2004 <\/strong>&#8211; \u00c0 Rome, les chefs d&#8217;\u00c9tat et de gouvernement et les ministres des affaires \u00e9trang\u00e8res de 25 \u00c9tats membres et de deux pays adh\u00e9rents participent \u00e0 la c\u00e9r\u00e9monie de signature du trait\u00e9 et de l&#8217;acte final \u00e9tablissant une Constitution pour l&#8217;Europe.<\/p>\n<p><strong>21 JUIN 2005 <\/strong>&#8211; Le si\u00e8ge de <strong>l&#8217;EFSA<\/strong>, l&#8217;Autorit\u00e9 europ\u00e9enne de s\u00e9curit\u00e9 des aliments, est inaugur\u00e9 \u00e0 Parme, en application de la d\u00e9cision du Conseil des 12 et 13 d\u00e9cembre 2003. L&#8217;Agence est un organisme ind\u00e9pendant qui fournit des conseils scientifiques, des informations et un soutien \u00e0 la Commission, au Parlement europ\u00e9en et aux \u00c9tats membres sur les risques li\u00e9s \u00e0 la s\u00e9curit\u00e9 alimentaire.<\/p>\n<p><strong>9 MAI 2010<\/strong> &#8211; L&#8217;Italien Mario Monti, ancien commissaire europ\u00e9en, r\u00e9dige un rapport intitul\u00e9 &#8220;Une nouvelle strat\u00e9gie pour le march\u00e9 unique&#8221; afin de relancer le march\u00e9 unique en rapprochant l&#8217;\u00e9thique et l&#8217;\u00e9conomie et en poursuivant des objectifs de d\u00e9veloppement &#8220;durable, intelligent et inclusif&#8221;.<\/p>\n<p><strong>1 NOVEMBRE 2011<\/strong> &#8211; L&#8217;Italien Mario Draghi est Pr\u00e9sident de la Banque centrale europ\u00e9enne.<\/p>\n<p><strong>1 NOVEMBRE 2014<\/strong> &#8211; L&#8217;Italienne Federica Mogherini est la Haute Repr\u00e9sentante de l&#8217;Union pour les affaires \u00e9trang\u00e8res et la politique de s\u00e9curit\u00e9.<\/p>\n<p><strong>9 F\u00c9VRIER 2016<\/strong> &#8211; \u00c0 Rome, les<strong> Ministres des Affaires \u00e9trang\u00e8res des \u00c9tats membres fondateurs de l&#8217;UE<\/strong> (Italie, Belgique, France, Allemagne, Luxembourg et Pays-Bas) reconfirment leur engagement envers l&#8217;Europe et le projet europ\u00e9en, invitant tous les autres \u00c9tats membres \u00e0 les rejoindre.<\/p>\n<p><strong>25 MARS 2017<\/strong> &#8211; \u00c0 l&#8217;occasion du 60e anniversaire de la signature des trait\u00e9s de Rome, les dirigeants des 27 pays de l&#8217;UE et les sommets des institutions europ\u00e9ennes se r\u00e9unissent dans notre capitale et signent la &#8220;D\u00e9claration de Rome&#8221;, renouvelant leur confiance dans le projet d&#8217;une Union &#8220;indivise et indivisible&#8221;.<\/p>\n<p>&nbsp;<\/p>\n<p><em>Traduction de courtoisie\u00a0<\/em><i>automatis\u00e9e<\/i><\/p>\n","protected":false},"excerpt":{"rendered":"Le r\u00f4le de l&#8217;Italie dans le processus d&#8217;int\u00e9gration europ\u00e9enne L&#8217;Italie a \u00e9t\u00e9 l&#8216;un des protagonistes du chemin entrepris avec les autres Pays fondateurs pour construire une Europe unie. Dans de nombreux cas, notre pays a accueilli des \u00e9v\u00e9nements cl\u00e9s de l&#8217;histoire de la communaut\u00e9. Par exemple, \u00e0 Rome en 1957, les trait\u00e9s CEE et Euratom [&hellip;]","protected":false},"author":2,"featured_media":0,"parent":0,"menu_order":3,"comment_status":"closed","ping_status":"closed","template":"","meta":{"footnotes":""},"class_list":["post-23","page","type-page","status-publish","hentry"],"_links":{"self":[{"href":"https:\/\/italiaue.esteri.it\/fr\/wp-json\/wp\/v2\/pages\/23","targetHints":{"allow":["GET"]}}],"collection":[{"href":"https:\/\/italiaue.esteri.it\/fr\/wp-json\/wp\/v2\/pages"}],"about":[{"href":"https:\/\/italiaue.esteri.it\/fr\/wp-json\/wp\/v2\/types\/page"}],"author":[{"embeddable":true,"href":"https:\/\/italiaue.esteri.it\/fr\/wp-json\/wp\/v2\/users\/2"}],"replies":[{"embeddable":true,"href":"https:\/\/italiaue.esteri.it\/fr\/wp-json\/wp\/v2\/comments?post=23"}],"version-history":[{"count":0,"href":"https:\/\/italiaue.esteri.it\/fr\/wp-json\/wp\/v2\/pages\/23\/revisions"}],"wp:attachment":[{"href":"https:\/\/italiaue.esteri.it\/fr\/wp-json\/wp\/v2\/media?parent=23"}],"curies":[{"name":"wp","href":"https:\/\/api.w.org\/{rel}","templated":true}]}}