{"id":151,"date":"2022-11-07T17:45:59","date_gmt":"2022-11-07T16:45:59","guid":{"rendered":"https:\/\/italiaue.esteri.it\/notizie\/stampa\/"},"modified":"2023-01-31T16:49:34","modified_gmt":"2023-01-31T15:49:34","slug":"stampa","status":"publish","type":"page","link":"https:\/\/italiaue.esteri.it\/fr\/news\/stampa\/","title":{"rendered":"Presse"},"content":{"rendered":"<p>Le bureau de presse de la Repr\u00e9sentation Permanente est charg\u00e9 de:<\/p>\n<p>&#8211; communiquer la position italienne sur les questions \u00e9urop\u00e9ennes \u00e0 la presse italienne et \u00e9trang\u00e9re accr\u00e9dit\u00e9es \u00e0 Bruxelles;<\/p>\n<p>&#8211; organiser les briefings techniques, points de presse, conf\u00e9rences de presse et entretiens \u00e0 l\u2019occasion d\u2019un Conseil ou des<br \/>\nvisites institutionnelles de repr\u00e9sentants institutionnels italiens;<\/p>\n<p>&#8211; assurer le monitoring de l\u2019actualit\u00e9 sur les m\u00e9dias et les r\u00e9seaux sociaux;<\/p>\n<p>&#8211; g\u00e9rer le site internet et l&#8217;account Twitter de la Repr\u00e9sentation Permanente<\/p>\n<p>&nbsp;<\/p>\n<p>Giulia MASSOTTI<br \/>\nCoordinateur Bureau de Presse et Information<br \/>\nPorte-parole<br \/>\nT\u00e9l. +32 2 22 00 432<br \/>\nEmail:\u00a0<a href=\"mailto:rpue.stampa@esteri.it\">rpue.stampa@esteri.it<\/a><\/p>\n<p>Lorenzo REDOLFI TEZZAT<br \/>\nT\u00e9l. +32 2 22 00 422<br \/>\nEmail:\u00a0<a href=\"mailto:rpue.stampa@esteri.it\">rpue.stampa@esteri.it<\/a><\/p>\n<p>La liste des journalistes italiens \u00e0 Bruxelles, \u00e9tablie sur base volontaire, est disponible en cliquant <a href=\"https:\/\/italiaue.esteri.it\/fr\/notizie\/stampa\/giornalisti-italiani-a-bruxelles\/\">ici\u00a0<\/a><\/p>\n","protected":false},"excerpt":{"rendered":"Le bureau de presse de la Repr\u00e9sentation Permanente est charg\u00e9 de: &#8211; communiquer la position italienne sur les questions \u00e9urop\u00e9ennes \u00e0 la presse italienne et \u00e9trang\u00e9re accr\u00e9dit\u00e9es \u00e0 Bruxelles; &#8211; organiser les briefings techniques, points de presse, conf\u00e9rences de presse et entretiens \u00e0 l\u2019occasion d\u2019un Conseil ou des visites institutionnelles de repr\u00e9sentants institutionnels italiens; &#8211; [&hellip;]","protected":false},"author":4,"featured_media":0,"parent":19,"menu_order":0,"comment_status":"closed","ping_status":"closed","template":"","meta":{"footnotes":""},"class_list":["post-151","page","type-page","status-publish","hentry"],"_links":{"self":[{"href":"https:\/\/italiaue.esteri.it\/fr\/wp-json\/wp\/v2\/pages\/151","targetHints":{"allow":["GET"]}}],"collection":[{"href":"https:\/\/italiaue.esteri.it\/fr\/wp-json\/wp\/v2\/pages"}],"about":[{"href":"https:\/\/italiaue.esteri.it\/fr\/wp-json\/wp\/v2\/types\/page"}],"author":[{"embeddable":true,"href":"https:\/\/italiaue.esteri.it\/fr\/wp-json\/wp\/v2\/users\/4"}],"replies":[{"embeddable":true,"href":"https:\/\/italiaue.esteri.it\/fr\/wp-json\/wp\/v2\/comments?post=151"}],"version-history":[{"count":0,"href":"https:\/\/italiaue.esteri.it\/fr\/wp-json\/wp\/v2\/pages\/151\/revisions"}],"up":[{"embeddable":true,"href":"https:\/\/italiaue.esteri.it\/fr\/wp-json\/wp\/v2\/pages\/19"}],"wp:attachment":[{"href":"https:\/\/italiaue.esteri.it\/fr\/wp-json\/wp\/v2\/media?parent=151"}],"curies":[{"name":"wp","href":"https:\/\/api.w.org\/{rel}","templated":true}]}}