{"id":107,"date":"2022-11-07T17:19:22","date_gmt":"2022-11-07T16:19:22","guid":{"rendered":"https:\/\/italiaue.esteri.it\/chi-siamo\/contatti\/"},"modified":"2026-02-17T16:06:41","modified_gmt":"2026-02-17T15:06:41","slug":"contatti","status":"publish","type":"page","link":"https:\/\/italiaue.esteri.it\/fr\/chi-siamo\/contatti\/","title":{"rendered":"Contacts"},"content":{"rendered":"<p><strong>Nos bureaux<\/strong><\/p>\n<p>Repr\u00e9sentation Permanente d&#8217;Italie aupr\u00e8s de l&#8217;Union Europ\u00e9enne<br \/>\nRue du Marteau, 7-15<br \/>\n1000 Bruxelles<\/p>\n<p>Tel.: +32 (0)2 22 00 411<br \/>\ne-mail: rpue.coord@esteri.it (<strong>Email g\u00e9n\u00e9rique. Pour une r\u00e9ponse plus rapide veuillez SVP vous r\u00e9f\u00e9rer au\u00a0<\/strong><strong>\u00a0<a href=\"https:\/\/italiaue.esteri.it\/fr\/chi-siamo\/\">&#8220;qui sommes nous&#8221;<\/a><\/strong><strong>\u00a0pour obtenir l&#8217;e-mail du destinataire sp\u00e9cifique)\u00a0<\/strong><\/p>\n<p>e-mail certifi\u00e9e:\u00a0<a href=\"mailto:rap.ue.bruxelles@cert.esteri.it\">rap.ue.bruxelles@cert.esteri.it<\/a><\/p>\n<p>En cas d&#8217;urgence, les jours f\u00e9ri\u00e9s et en dehors des heures de bureau,vous pouvez contacter le num\u00e9ro +32 (0) 477 33 78 02<\/p>\n<p>&nbsp;<\/p>\n<p><a href=\"https:\/\/www.google.it\/maps\/place\/Rappresentanza+Permanente+d'Italia+presso+l'Unione+europea\/@50.8470668,4.3696167,18z\/data=!3m1!4b1!4m5!3m4!1s0x47c3c482abb411db:0xe5bb3915a6fac94a!8m2!3d50.8471216!4d4.3707096?hl=it\"><img decoding=\"async\" class=\"alignnone size-medium wp-image-104 img-fluid\" src=\"https:\/\/italiaue.esteri.it\/wp-content\/uploads\/2022\/11\/comeraggiungerci_rappue.png\" alt=\"Come raggiungerci Rappue\" width=\"600\" srcset=\"https:\/\/italiaue.esteri.it\/wp-content\/uploads\/2022\/11\/comeraggiungerci_rappue.png 852w, https:\/\/italiaue.esteri.it\/wp-content\/uploads\/2022\/11\/comeraggiungerci_rappue-300x181.png 300w, https:\/\/italiaue.esteri.it\/wp-content\/uploads\/2022\/11\/comeraggiungerci_rappue-768x462.png 768w\" sizes=\"(max-width: 852px) 100vw, 852px\" \/><\/a><\/p>\n<p>&nbsp;<\/p>\n<p><span style=\"text-decoration: underline;\">Bureaux de la Repr\u00e9sentation Permanente au Conseil de l&#8217;Union europ\u00e9enne<\/span><\/p>\n<p><strong>Bruxelles:<\/strong><br \/>\nEuropa Building<br \/>\nRue de la Loi, n.155<br \/>\nTel + 32 (0)2 28 16 792<\/p>\n<p><strong>Luxembourg:<\/strong><br \/>\nCentre de Conf\u00e9rences Kirchberg<br \/>\nTel: +352 4302 57 230 \/ 330<br \/>\nfax: +352 4302 57 527<\/p>\n<p><span style=\"text-decoration: underline;\">Bureaux de la Repr\u00e9sentation Permanente au Parlement europ\u00e9en<\/span><\/p>\n<p><strong>Strasbourg:<\/strong><br \/>\nBatiment Winston Churchill<br \/>\nAll\u00e9e du Printemps<br \/>\n1er \u00e9tage &#8211; pi\u00e8ce M01101<br \/>\nTel: + 33 (0)3 88 176. 813<\/p>\n","protected":false},"excerpt":{"rendered":"Nos bureaux Repr\u00e9sentation Permanente d&#8217;Italie aupr\u00e8s de l&#8217;Union Europ\u00e9enne Rue du Marteau, 7-15 1000 Bruxelles Tel.: +32 (0)2 22 00 411 e-mail: rpue.coord@esteri.it (Email g\u00e9n\u00e9rique. Pour une r\u00e9ponse plus rapide veuillez SVP vous r\u00e9f\u00e9rer au\u00a0\u00a0&#8220;qui sommes nous&#8221;\u00a0pour obtenir l&#8217;e-mail du destinataire sp\u00e9cifique)\u00a0 e-mail certifi\u00e9e:\u00a0rap.ue.bruxelles@cert.esteri.it En cas d&#8217;urgence, les jours f\u00e9ri\u00e9s et en dehors des heures [&hellip;]","protected":false},"author":4,"featured_media":0,"parent":26,"menu_order":0,"comment_status":"closed","ping_status":"closed","template":"","meta":{"footnotes":""},"class_list":["post-107","page","type-page","status-publish","hentry"],"_links":{"self":[{"href":"https:\/\/italiaue.esteri.it\/fr\/wp-json\/wp\/v2\/pages\/107","targetHints":{"allow":["GET"]}}],"collection":[{"href":"https:\/\/italiaue.esteri.it\/fr\/wp-json\/wp\/v2\/pages"}],"about":[{"href":"https:\/\/italiaue.esteri.it\/fr\/wp-json\/wp\/v2\/types\/page"}],"author":[{"embeddable":true,"href":"https:\/\/italiaue.esteri.it\/fr\/wp-json\/wp\/v2\/users\/4"}],"replies":[{"embeddable":true,"href":"https:\/\/italiaue.esteri.it\/fr\/wp-json\/wp\/v2\/comments?post=107"}],"version-history":[{"count":2,"href":"https:\/\/italiaue.esteri.it\/fr\/wp-json\/wp\/v2\/pages\/107\/revisions"}],"predecessor-version":[{"id":6605,"href":"https:\/\/italiaue.esteri.it\/fr\/wp-json\/wp\/v2\/pages\/107\/revisions\/6605"}],"up":[{"embeddable":true,"href":"https:\/\/italiaue.esteri.it\/fr\/wp-json\/wp\/v2\/pages\/26"}],"wp:attachment":[{"href":"https:\/\/italiaue.esteri.it\/fr\/wp-json\/wp\/v2\/media?parent=107"}],"curies":[{"name":"wp","href":"https:\/\/api.w.org\/{rel}","templated":true}]}}